{"id":845,"date":"2022-03-11T08:43:49","date_gmt":"2022-03-11T07:43:49","guid":{"rendered":"https:\/\/psc-hausmannstaetten.at\/vs\/?page_id=845"},"modified":"2025-09-18T08:27:14","modified_gmt":"2025-09-18T06:27:14","slug":"termine","status":"publish","type":"page","link":"https:\/\/psc-hausmannstaetten.at\/vs\/termine\/","title":{"rendered":"Termine"},"content":{"rendered":"\n<h1 class=\"wp-block-heading has-text-align-center\">Termine VS Schuljahr 2025\/2026<\/h1>\n\n\n\n<div style=\"height:50px\" aria-hidden=\"true\" class=\"wp-block-spacer\"><\/div>\n\n\n\n<table id=\"tablepress-1\" class=\"tablepress tablepress-id-1\">\n<tbody class=\"row-striping row-hover\">\n<tr class=\"row-1\">\n\t<td class=\"column-1\">08.09.2025<\/td><td class=\"column-2\">Erster Schultag<\/td>\n<\/tr>\n<tr class=\"row-2\">\n\t<td class=\"column-1\">25.09.2025<\/td><td class=\"column-2\">Gottensdienst f\u00fcr 2. &amp; 3.Klassen (09:30 Uhr)<\/td>\n<\/tr>\n<tr class=\"row-3\">\n\t<td class=\"column-1\">25.09.2025<\/td><td class=\"column-2\">Gottensdienst f\u00fcr 1. &amp; 4.Klassen (10:30 Uhr)<\/td>\n<\/tr>\n<tr class=\"row-4\">\n\t<td class=\"column-1\">16.10.2025<\/td><td class=\"column-2\">Schulforum im Medienraum der VS (18:30 Uhr)<\/td>\n<\/tr>\n<tr class=\"row-5\">\n\t<td class=\"column-1\">27.10.2025 - 31.10.2025<\/td><td class=\"column-2\">Herbstferien<\/td>\n<\/tr>\n<tr class=\"row-6\">\n\t<td class=\"column-1\">27.11.2025<\/td><td class=\"column-2\">Schulvorstellung Volksschule (18:30 Uhr)<\/td>\n<\/tr>\n<tr class=\"row-7\">\n\t<td class=\"column-1\">02.12.2025<\/td><td class=\"column-2\">Tag der offenen T\u00fcr in der MS Hausmannst\u00e4tten f\u00fcr die 4.Klassen<\/td>\n<\/tr>\n<tr class=\"row-8\">\n\t<td class=\"column-1\">08.12.2025<\/td><td class=\"column-2\">Mari\u00e4 Empf\u00e4ngnis<\/td>\n<\/tr>\n<tr class=\"row-9\">\n\t<td class=\"column-1\">24.12.2025 - 05.01.2025<\/td><td class=\"column-2\">Weihnachtsferien<\/td>\n<\/tr>\n<tr class=\"row-10\">\n\t<td class=\"column-1\">06.01.2026<\/td><td class=\"column-2\">Heilige Drei K\u00f6nige<\/td>\n<\/tr>\n<tr class=\"row-11\">\n\t<td class=\"column-1\">31.01.2026<\/td><td class=\"column-2\">Einschreibefest f\u00fcr Schulanf\u00e4nger:innen 26-27 (09:00 - 11:30 Uhr)<\/td>\n<\/tr>\n<tr class=\"row-12\">\n\t<td class=\"column-1\">16.02.2026 - 20.02.2026<\/td><td class=\"column-2\">Semesterferien<\/td>\n<\/tr>\n<tr class=\"row-13\">\n\t<td class=\"column-1\">19.03.2026<\/td><td class=\"column-2\">Josefstag (Schulfrei)<\/td>\n<\/tr>\n<tr class=\"row-14\">\n\t<td class=\"column-1\">20.03.2026<\/td><td class=\"column-2\">schulautonomer Tag (frei)<\/td>\n<\/tr>\n<tr class=\"row-15\">\n\t<td class=\"column-1\">30.03.2026 - 06.04.2026<\/td><td class=\"column-2\">Osterferien<\/td>\n<\/tr>\n<tr class=\"row-16\">\n\t<td class=\"column-1\">19.04.2026<\/td><td class=\"column-2\">Erstkommunion f\u00fcr 3a &amp; 3b (09:30 Uhr)<\/td>\n<\/tr>\n<tr class=\"row-17\">\n\t<td class=\"column-1\">26.04.2026<\/td><td class=\"column-2\">Erstkommunion f\u00fcr 3ca &amp; 1d Mehrstufenklasse (09:30 Uhr)<\/td>\n<\/tr>\n<tr class=\"row-18\">\n\t<td class=\"column-1\">01.05.2026<\/td><td class=\"column-2\">Staatsfeiertag<\/td>\n<\/tr>\n<tr class=\"row-19\">\n\t<td class=\"column-1\">14.05.2026 &amp; 15.05.2026<\/td><td class=\"column-2\">Christi Himmelfahrt + unterrichtsfrei<\/td>\n<\/tr>\n<tr class=\"row-20\">\n\t<td class=\"column-1\">25.05.2026<\/td><td class=\"column-2\">Pfingstmontag<\/td>\n<\/tr>\n<tr class=\"row-21\">\n\t<td class=\"column-1\">04.06.2026 &amp; 05.06.2026<\/td><td class=\"column-2\">Fronleichnam + unterrichtsfrei<\/td>\n<\/tr>\n<tr class=\"row-22\">\n\t<td class=\"column-1\">09.06.2026<\/td><td class=\"column-2\">Schnuppertag f\u00fcr Schulanf\u00e4nger*innen<\/td>\n<\/tr>\n<tr class=\"row-23\">\n\t<td class=\"column-1\">11.06.2026<\/td><td class=\"column-2\">Elternabend f\u00fcr Schulanf\u00e4nger*innen<\/td>\n<\/tr>\n<tr class=\"row-24\">\n\t<td class=\"column-1\">10.07.2026<\/td><td class=\"column-2\">Letzter Schultag\/Zeugnistag<\/td>\n<\/tr>\n<\/tbody>\n<\/table>\n<!-- #tablepress-1 from cache -->\n","protected":false},"excerpt":{"rendered":"<p>Termine VS Schuljahr 2025\/2026<\/p>\n","protected":false},"author":1,"featured_media":0,"parent":0,"menu_order":0,"comment_status":"closed","ping_status":"closed","template":"","meta":{"footnotes":""},"class_list":["post-845","page","type-page","status-publish","hentry"],"_links":{"self":[{"href":"https:\/\/psc-hausmannstaetten.at\/vs\/wp-json\/wp\/v2\/pages\/845","targetHints":{"allow":["GET"]}}],"collection":[{"href":"https:\/\/psc-hausmannstaetten.at\/vs\/wp-json\/wp\/v2\/pages"}],"about":[{"href":"https:\/\/psc-hausmannstaetten.at\/vs\/wp-json\/wp\/v2\/types\/page"}],"author":[{"embeddable":true,"href":"https:\/\/psc-hausmannstaetten.at\/vs\/wp-json\/wp\/v2\/users\/1"}],"replies":[{"embeddable":true,"href":"https:\/\/psc-hausmannstaetten.at\/vs\/wp-json\/wp\/v2\/comments?post=845"}],"version-history":[{"count":6,"href":"https:\/\/psc-hausmannstaetten.at\/vs\/wp-json\/wp\/v2\/pages\/845\/revisions"}],"predecessor-version":[{"id":5229,"href":"https:\/\/psc-hausmannstaetten.at\/vs\/wp-json\/wp\/v2\/pages\/845\/revisions\/5229"}],"wp:attachment":[{"href":"https:\/\/psc-hausmannstaetten.at\/vs\/wp-json\/wp\/v2\/media?parent=845"}],"curies":[{"name":"wp","href":"https:\/\/api.w.org\/{rel}","templated":true}]}}