{"id":5714,"date":"2026-03-23T09:40:53","date_gmt":"2026-03-23T08:40:53","guid":{"rendered":"https:\/\/psc-hausmannstaetten.at\/vs\/?page_id=5714"},"modified":"2026-03-23T09:50:53","modified_gmt":"2026-03-23T08:50:53","slug":"sommerbetreuung","status":"publish","type":"page","link":"https:\/\/psc-hausmannstaetten.at\/vs\/sommerbetreuung\/","title":{"rendered":"Sommerbetreuung"},"content":{"rendered":"\n<h2 class=\"wp-block-heading\">Sommerbetreuung<\/h2>\n\n\n\n<div style=\"height:40px\" aria-hidden=\"true\" class=\"wp-block-spacer\"><\/div>\n\n\n\n<p>Ab sofort ist die Anmeldung&nbsp;f\u00fcr die Sommerbetreuung&nbsp;m\u00f6gich, bitte beachten Sie folgende Punkte:<\/p>\n\n\n\n<p>Bitte geben Sie die&nbsp;<strong>ausgef\u00fcllten und unterschriebenen Unterlagen bis sp\u00e4testens 10. April&nbsp;in der Schule&nbsp;ab<\/strong>.<\/p>\n\n\n\n<p>Folgende Unterlagen sind auszuf\u00fcllen und zu unterschreiben:<\/p>\n\n\n\n<ul class=\"wp-block-list\">\n<li><a href=\"https:\/\/psc-hausmannstaetten.at\/vs\/wp-content\/uploads\/sites\/2\/2026\/03\/Anmeldeformular_Sommer_Hausmannstaetten_VSMS_26272.pdf\" data-type=\"link\" data-id=\"https:\/\/psc-hausmannstaetten.at\/vs\/wp-content\/uploads\/sites\/2\/2026\/03\/Anmeldeformular_Sommer_Hausmannstaetten_VSMS_26272.pdf\" target=\"_blank\" rel=\"noreferrer noopener\">Anmeldung zur Sommerbetreuung<\/a><\/li>\n\n\n\n<li>SEPA-Lastschriftmandat<\/li>\n<\/ul>\n\n\n\n<p>Das Informationsblatt ist nur f\u00fcr Sie bestimmt und bleibt bei Ihnen.<\/p>\n\n\n\n<p><strong>Wichtiger Hinweis zur Erstanmeldung:<\/strong><br>Wenn Ihr Kind erstmals zur Betreuung angemeldet wird, erhalten Sie von WIKI zus\u00e4tzlich eine E-Mail mit einem Link zur Online-Vervollst\u00e4ndigung der Daten.<\/p>\n\n\n\n<p><br>Erst nachdem dieser Schritt abgeschlossen ist, gilt die Anmeldung als vollst\u00e4ndig eingereicht.<\/p>\n\n\n\n<p><strong>Verpflegung:<\/strong><br>Das Essen wird wochenweise verrechnet. Nicht konsumierte Mahlzeiten k\u00f6nnen leider nicht r\u00fcckerstattet werden.<\/p>\n\n\n\n<p><strong>\u00c4nderungen oder Abmeldung:<\/strong><br>Die Anmeldung ist verbindlich.<br>Sollte sich etwas \u00e4ndern, ist eine schriftliche Abmeldung oder \u00c4nderung mit dem beigef\u00fcgten Formularerforderlich.<\/p>\n\n\n\n<ul class=\"wp-block-list\">\n<li><strong>Bis 30. Mai:<\/strong>&nbsp;\u00c4nderungen oder Abmeldungen sind kostenlos m\u00f6glich.<\/li>\n\n\n\n<li><strong>Ab Juni:<\/strong>\u00a0Der gesamte angemeldete Zeitraum wird verrechnet.<\/li>\n<\/ul>\n\n\n\n<p><a href=\"https:\/\/psc-hausmannstaetten.at\/vs\/wp-content\/uploads\/sites\/2\/2026\/03\/Abmeldungs-und-Aenderungsformular-Sommer-26.pdf\" data-type=\"link\" data-id=\"https:\/\/psc-hausmannstaetten.at\/vs\/wp-content\/uploads\/sites\/2\/2026\/03\/Abmeldungs-und-Aenderungsformular-Sommer-26.pdf\" target=\"_blank\" rel=\"noreferrer noopener\">Abmeldungs- und A\u0308nderungsformular Sommer 2026<\/a><\/p>\n\n\n\n<p><strong>Betreuungsvertrag:<\/strong><br>Im Juni erhalten Sie den Betreuungsvertrag von WIKI per E-Mail.<br>Bitte unterschreiben Sie diesen und geben Sie ihn&nbsp;<strong>bis sp\u00e4testens 10. Juli&nbsp;in der Schule&nbsp;ab<\/strong>.<\/p>\n","protected":false},"excerpt":{"rendered":"<p>Sommerbetreuung Ab sofort ist die Anmeldung&nbsp;f\u00fcr die Sommerbetreuung&nbsp;m\u00f6gich, bitte beachten Sie folgende Punkte: Bitte geben Sie die&nbsp;ausgef\u00fcllten und unterschriebenen Unterlagen bis sp\u00e4testens 10. April&nbsp;in der Schule&nbsp;ab. Folgende Unterlagen sind auszuf\u00fcllen und zu unterschreiben: Das Informationsblatt ist nur f\u00fcr Sie bestimmt und bleibt bei Ihnen. Wichtiger Hinweis zur Erstanmeldung:Wenn Ihr Kind erstmals zur Betreuung angemeldet wird, [&hellip;]<\/p>\n","protected":false},"author":1,"featured_media":0,"parent":0,"menu_order":0,"comment_status":"closed","ping_status":"closed","template":"","meta":{"footnotes":""},"class_list":["post-5714","page","type-page","status-publish","hentry"],"_links":{"self":[{"href":"https:\/\/psc-hausmannstaetten.at\/vs\/wp-json\/wp\/v2\/pages\/5714","targetHints":{"allow":["GET"]}}],"collection":[{"href":"https:\/\/psc-hausmannstaetten.at\/vs\/wp-json\/wp\/v2\/pages"}],"about":[{"href":"https:\/\/psc-hausmannstaetten.at\/vs\/wp-json\/wp\/v2\/types\/page"}],"author":[{"embeddable":true,"href":"https:\/\/psc-hausmannstaetten.at\/vs\/wp-json\/wp\/v2\/users\/1"}],"replies":[{"embeddable":true,"href":"https:\/\/psc-hausmannstaetten.at\/vs\/wp-json\/wp\/v2\/comments?post=5714"}],"version-history":[{"count":9,"href":"https:\/\/psc-hausmannstaetten.at\/vs\/wp-json\/wp\/v2\/pages\/5714\/revisions"}],"predecessor-version":[{"id":5734,"href":"https:\/\/psc-hausmannstaetten.at\/vs\/wp-json\/wp\/v2\/pages\/5714\/revisions\/5734"}],"wp:attachment":[{"href":"https:\/\/psc-hausmannstaetten.at\/vs\/wp-json\/wp\/v2\/media?parent=5714"}],"curies":[{"name":"wp","href":"https:\/\/api.w.org\/{rel}","templated":true}]}}