{"id":430,"date":"2022-01-19T10:46:13","date_gmt":"2022-01-19T09:46:13","guid":{"rendered":"https:\/\/psc-hausmannstaetten.at\/vs\/?page_id=430"},"modified":"2022-03-24T16:26:06","modified_gmt":"2022-03-24T15:26:06","slug":"impressum","status":"publish","type":"page","link":"https:\/\/psc-hausmannstaetten.at\/vs\/impressum\/","title":{"rendered":"Impressum"},"content":{"rendered":"<div data-colibri-id=\"430-c1\" class=\"style-436 style-local-430-c1 position-relative\">\n  <!---->\n  <div data-colibri-component=\"section\" data-colibri-id=\"430-c2\" id=\"initial-content\" class=\"h-section h-section-global-spacing d-flex align-items-lg-center align-items-md-center align-items-center style-437 style-local-430-c2 position-relative\">\n    <!---->\n    <!---->\n    <div class=\"h-section-grid-container h-section-boxed-container\">\n      <!---->\n      <div data-colibri-id=\"430-c3\" class=\"h-row-container gutters-row-lg-2 gutters-row-md-2 gutters-row-0 gutters-row-v-lg-2 gutters-row-v-md-2 gutters-row-v-2 style-438 style-local-430-c3 position-relative\">\n        <!---->\n        <div class=\"h-row justify-content-lg-center justify-content-md-center justify-content-center align-items-lg-stretch align-items-md-stretch align-items-stretch gutters-col-lg-2 gutters-col-md-2 gutters-col-0 gutters-col-v-lg-2 gutters-col-v-md-2 gutters-col-v-2\">\n          <!---->\n          <div class=\"h-column h-column-container d-flex h-col-lg-auto h-col-md-auto h-col-auto style-439-outer style-local-430-c4-outer\">\n            <div data-colibri-id=\"430-c4\" class=\"d-flex h-flex-basis h-column__inner h-px-lg-2 h-px-md-2 h-px-2 v-inner-lg-2 v-inner-md-2 v-inner-2 style-439 style-local-430-c4 position-relative\">\n              <!---->\n              <!---->\n              <div class=\"w-100 h-y-container h-column__content h-column__v-align flex-basis-100 align-self-lg-start align-self-md-start align-self-start\">\n                <!---->\n                <div data-colibri-id=\"430-c6\" class=\"h-global-transition-all h-heading style-441 style-local-430-c6 position-relative h-element\">\n                  <!---->\n                  <div class=\"h-heading__outer style-441 style-local-430-c6\">\n                    <!---->\n                    <!---->\n                    <h3 class=\"\">F\u00fcr den Inhalt verantwortlich:<\/h3>\n                  <\/div>\n                <\/div>\n                <div data-colibri-id=\"430-c7\" class=\"icon-list d-flex justify-content-lg-start justify-content-md-start justify-content-start style-442 style-local-430-c7 position-relative h-element\">\n                  <!---->\n                  <ul class=\"ul-list-icon vertical-on-desktop vertical-on-tablet vertical-on-mobile justify-content-lg-start justify-content-md-start justify-content-start\">\n                    <!---->\n                    <li class=\"list-item no-gutters\">\n                      <!---->\n                      <div class=\"list-container-divider d-flex justify-content-lg-start justify-content-md-start justify-content-start first-el-spacer\"><\/div> <span class=\"item-link no-gutters\"><div class=\"d-flex h-col no-gutters align-items-lg-center align-items-md-center align-items-center list-item-text-wrapper\"><div class=\"d-flex\"><span  class=\"h-svg-icon style-442-icon style-local-430-c7-icon\"><!--Icon by Material Icons (https:\/\/material.io)--><svg version=\"1.1\" xmlns=\"http:\/\/www.w3.org\/2000\/svg\" xmlns:xlink=\"http:\/\/www.w3.org\/1999\/xlink\" id=\"school\" viewBox=\"0 0 512 512\"><path d=\"M256 64l235 128v171h-43V215L256 320 21 192 256 64zM107 281l149 82 149-82v86l-149 81-149-81v-86z\"><\/path><\/svg><\/span><\/div>\n                <span class=\"list-text d-block\"><span>Pflichtschulcluster Hausmannst\u00e4tten<\/span><\/span>\n              <\/div>\n              <\/span>\n              <div class=\"list-container-divider d-flex justify-content-lg-start justify-content-md-start justify-content-start\">\n                <!---->\n              <\/div>\n              <\/li>\n              <li class=\"list-item no-gutters\">\n                <!---->\n                <!----><span class=\"item-link no-gutters\"><div class=\"d-flex h-col no-gutters align-items-lg-center align-items-md-center align-items-center list-item-text-wrapper\"><div class=\"d-flex\"><span  class=\"h-svg-icon style-442-icon style-local-430-c7-icon\"><!--Icon by Material Icons (https:\/\/material.io)--><svg version=\"1.1\" xmlns=\"http:\/\/www.w3.org\/2000\/svg\" xmlns:xlink=\"http:\/\/www.w3.org\/1999\/xlink\" id=\"school\" viewBox=\"0 0 512 512\"><path d=\"M256 64l235 128v171h-43V215L256 320 21 192 256 64zM107 281l149 82 149-82v86l-149 81-149-81v-86z\"><\/path><\/svg><\/span><\/div>\n            <span class=\"list-text d-block\"><span>Hauptstra\u00dfe 50a<\/span><\/span>\n          <\/div>\n          <\/span>\n          <div class=\"list-container-divider d-flex justify-content-lg-start justify-content-md-start justify-content-start\">\n            <!---->\n          <\/div>\n          <\/li>\n          <li class=\"list-item no-gutters\">\n            <!---->\n            <!----><span class=\"item-link no-gutters\"><div class=\"d-flex h-col no-gutters align-items-lg-center align-items-md-center align-items-center list-item-text-wrapper\"><div class=\"d-flex\"><span  class=\"h-svg-icon style-442-icon style-local-430-c7-icon\"><!--Icon by Material Icons (https:\/\/material.io)--><svg version=\"1.1\" xmlns=\"http:\/\/www.w3.org\/2000\/svg\" xmlns:xlink=\"http:\/\/www.w3.org\/1999\/xlink\" id=\"school\" viewBox=\"0 0 512 512\"><path d=\"M256 64l235 128v171h-43V215L256 320 21 192 256 64zM107 281l149 82 149-82v86l-149 81-149-81v-86z\"><\/path><\/svg><\/span><\/div>\n        <span class=\"list-text d-block\"><span>8071 Hausmannst\u00e4tten<\/span><\/span>\n      <\/div>\n      <\/span>\n      <div class=\"list-container-divider d-flex justify-content-lg-start justify-content-md-start justify-content-start\">\n        <!---->\n      <\/div>\n      <\/li>\n      <li class=\"list-item no-gutters\">\n        <!---->\n        <!----><span class=\"item-link no-gutters\"><div class=\"d-flex h-col no-gutters align-items-lg-center align-items-md-center align-items-center list-item-text-wrapper\"><div class=\"d-flex\"><span  class=\"h-svg-icon style-442-icon style-local-430-c7-icon\"><!--Icon by Material Icons (https:\/\/material.io)--><svg version=\"1.1\" xmlns=\"http:\/\/www.w3.org\/2000\/svg\" xmlns:xlink=\"http:\/\/www.w3.org\/1999\/xlink\" id=\"school\" viewBox=\"0 0 512 512\"><path d=\"M256 64l235 128v171h-43V215L256 320 21 192 256 64zM107 281l149 82 149-82v86l-149 81-149-81v-86z\"><\/path><\/svg><\/span><\/div>\n    <span class=\"list-text d-block\"><span>Tel: 03135 46 2 53 0<\/span><\/span>\n  <\/div>\n  <\/span>\n  <div class=\"list-container-divider d-flex justify-content-lg-start justify-content-md-start justify-content-start\">\n    <!---->\n  <\/div>\n  <\/li>\n  <li class=\"list-item no-gutters\">\n    <!---->\n    <!---->\n    <a href=\"mailto:vs@bildungscampus-hausmannstaetten.at\" h-use-smooth-scroll=\"true\" class=\"item-link no-gutters\">\n      <div class=\"d-flex h-col no-gutters align-items-lg-center align-items-md-center align-items-center list-item-text-wrapper\">\n        <div class=\"d-flex\"><span class=\"h-svg-icon style-442-icon style-local-430-c7-icon\"><!--Icon by Material Icons (https:\/\/material.io)--><svg version=\"1.1\" xmlns=\"http:\/\/www.w3.org\/2000\/svg\" xmlns:xlink=\"http:\/\/www.w3.org\/1999\/xlink\" id=\"school\" viewBox=\"0 0 512 512\"><path d=\"M256 64l235 128v171h-43V215L256 320 21 192 256 64zM107 281l149 82 149-82v86l-149 81-149-81v-86z\"><\/path><\/svg><\/span><\/div>\n        <span class=\"list-text d-block\"><span>vs@bildungscampus-hausmannstaetten.at<\/span><\/span>\n      <\/div>\n    <\/a>\n    <div class=\"list-container-divider d-flex justify-content-lg-start justify-content-md-start justify-content-start\" style=\"display: none;\">\n      <!---->\n    <\/div>\n    <div class=\"list-container-divider d-flex justify-content-lg-start justify-content-md-start justify-content-start last-el-spacer\"><\/div>\n  <\/li>\n  <\/ul>\n<\/div>\n<\/div>\n<\/div>\n<\/div>\n<\/div>\n<\/div>\n<\/div>\n<\/div>\n<\/div>","protected":false},"excerpt":{"rendered":"<p>F\u00fcr den Inhalt verantwortlich: Pflichtschulcluster Hausmannst\u00e4tten Hauptstra\u00dfe 50a 8071 Hausmannst\u00e4tten Tel: 03135 46 2 53 0 vs@bildungscampus-hausmannstaetten.at<\/p>\n","protected":false},"author":1,"featured_media":0,"parent":0,"menu_order":0,"comment_status":"closed","ping_status":"closed","template":"page-templates\/full-width-page.php","meta":{"footnotes":""},"class_list":["post-430","page","type-page","status-publish","hentry"],"_links":{"self":[{"href":"https:\/\/psc-hausmannstaetten.at\/vs\/wp-json\/wp\/v2\/pages\/430","targetHints":{"allow":["GET"]}}],"collection":[{"href":"https:\/\/psc-hausmannstaetten.at\/vs\/wp-json\/wp\/v2\/pages"}],"about":[{"href":"https:\/\/psc-hausmannstaetten.at\/vs\/wp-json\/wp\/v2\/types\/page"}],"author":[{"embeddable":true,"href":"https:\/\/psc-hausmannstaetten.at\/vs\/wp-json\/wp\/v2\/users\/1"}],"replies":[{"embeddable":true,"href":"https:\/\/psc-hausmannstaetten.at\/vs\/wp-json\/wp\/v2\/comments?post=430"}],"version-history":[{"count":10,"href":"https:\/\/psc-hausmannstaetten.at\/vs\/wp-json\/wp\/v2\/pages\/430\/revisions"}],"predecessor-version":[{"id":925,"href":"https:\/\/psc-hausmannstaetten.at\/vs\/wp-json\/wp\/v2\/pages\/430\/revisions\/925"}],"wp:attachment":[{"href":"https:\/\/psc-hausmannstaetten.at\/vs\/wp-json\/wp\/v2\/media?parent=430"}],"curies":[{"name":"wp","href":"https:\/\/api.w.org\/{rel}","templated":true}]}}