{"id":1807,"date":"2022-06-08T10:28:12","date_gmt":"2022-06-08T08:28:12","guid":{"rendered":"https:\/\/psc-hausmannstaetten.at\/vs\/?page_id=1807"},"modified":"2022-12-13T14:11:32","modified_gmt":"2022-12-13T13:11:32","slug":"verhaltensvereinbarungen","status":"publish","type":"page","link":"https:\/\/psc-hausmannstaetten.at\/vs\/verhaltensvereinbarungen\/","title":{"rendered":"Verhaltensvereinbarungen"},"content":{"rendered":"<div class=\"style-668 style-local-1807-c1 position-relative\" data-colibri-id=\"1807-c1\">\n<h1 style=\"text-align: center;\"><span style=\"color: revert; font-size: revert; font-weight: revert;\">Verhaltensvereinbarungen<\/span><\/h1>\n<div id=\"custom\" class=\"h-section h-section-global-spacing d-flex align-items-lg-center align-items-md-center align-items-center style-669 style-local-1807-c2 position-relative\" data-colibri-component=\"section\" data-colibri-id=\"1807-c2\">\n<div class=\"h-section-grid-container h-section-boxed-container\">\n<div class=\"h-row-container gutters-row-lg-2 gutters-row-md-2 gutters-row-0 gutters-row-v-lg-2 gutters-row-v-md-2 gutters-row-v-2 style-670 style-local-1807-c3 position-relative\" data-colibri-id=\"1807-c3\">\n<div class=\"h-row justify-content-lg-center justify-content-md-center justify-content-center align-items-lg-stretch align-items-md-stretch align-items-stretch gutters-col-lg-2 gutters-col-md-2 gutters-col-0 gutters-col-v-lg-2 gutters-col-v-md-2 gutters-col-v-2\">\n<div class=\"h-column h-column-container d-flex h-col-lg-auto h-col-md-auto h-col-auto style-671-outer style-local-1807-c4-outer\">\n<div class=\"d-flex h-flex-basis h-column__inner h-px-lg-2 h-px-md-2 h-px-2 v-inner-lg-2 v-inner-md-2 v-inner-2 style-671 style-local-1807-c4 position-relative\" data-colibri-id=\"1807-c4\">\n<div class=\"w-100 h-y-container h-column__content h-column__v-align flex-basis-100 align-self-lg-start align-self-md-start align-self-start\">\n<div class=\"h-text h-text-component style-675 style-local-1807-c8 position-relative h-element\" data-colibri-id=\"1807-c8\">\n<div class=\"\">\n<h4><span style=\"font-weight: bold;\">F\u00fcr alle Schulpartner g\u00fcltige Verhaltensvereinbarungen:<\/span><\/h4>\n<p><span style=\"font-size: revert; color: initial;\">Wir begegnen einander h\u00f6flich und respektvoll in und au\u00dferhalb der Schule.<\/span><\/p>\n<\/div>\n<\/div>\n<div class=\"h-text h-text-component style-676 style-local-1807-c9 position-relative h-element\" data-colibri-id=\"1807-c9\">\n<div class=\"\">\n<p>Wir gehen r\u00fccksichtsvoll , ehrlich und wertsch\u00e4tzend miteinander um und lassen unterschiedliche Meinungen zu.<\/p>\n<p>Wir nehmen Schule als Gemeinschaft wahr und beteiligen uns aktiv am Schulgeschehen.<\/p>\n<\/div>\n<\/div>\n<\/div>\n<\/div>\n<\/div>\n<\/div>\n<\/div>\n<\/div>\n<\/div>\n<\/div>\n\n\n<div class=\"wp-block-columns is-layout-flex wp-container-core-columns-is-layout-9d6595d7 wp-block-columns-is-layout-flex\">\n<div class=\"wp-block-column is-layout-flow wp-block-column-is-layout-flow\" style=\"flex-basis:50px\"><\/div>\n\n\n\n<div class=\"wp-block-column is-layout-flow wp-block-column-is-layout-flow\">\n<table id=\"tablepress-4\" class=\"tablepress tablepress-id-4\">\n<thead>\n<tr class=\"row-1\">\n\t<th class=\"column-1\"><strong>Wir Sch\u00fclerInnen...<\/th><th class=\"column-2\"><strong>Wir LehrerInnen...<\/th><th class=\"column-3\"><strong>Wir Eltern &amp; Erziehungsberechtigte...<\/th>\n<\/tr>\n<\/thead>\n<tbody class=\"row-striping\">\n<tr class=\"row-2\">\n\t<td class=\"column-1\">... behandeln andere so, wie wir behandelt werden m\u00f6chten.\t<\/td><td class=\"column-2\">... st\u00e4rken unsere Sch\u00fclerInnen in ihrer Pers\u00f6nlichkeit durch Lob, Ermutigung und gelebte Toleranz.\t<\/td><td class=\"column-3\">... pflegen regelm\u00e4\u00dfigen Kontakt zur Schule und zeigen Interesse am Unterrichtsgeschehen, den vermittelten Lerninhalten und dem sozialen Geschehen in der Schule.<\/td>\n<\/tr>\n<tr class=\"row-3\">\n\t<td class=\"column-1\">... nehmen R\u00fccksicht auf den anderen, lachen niemanden aus und akzeptieren jeden so, wie er ist.\t<\/td><td class=\"column-2\">... bieten den Sch\u00fclerInnen unterschiedliche Lernm\u00f6glichkeiten und gehen auf das individuelle Lerntempo der Sch\u00fclerInnen ein.<\/td><td class=\"column-3\">... sorgen f\u00fcr die vollst\u00e4ndige Schulausr\u00fcstung unserer Kinder, sowie f\u00fcr eine gesunde Jause.<\/td>\n<\/tr>\n<tr class=\"row-4\">\n\t<td class=\"column-1\">... h\u00f6ren anderen zu und lassen jeden ausreden.<\/td><td class=\"column-2\">... behandeln alle Sch\u00fclerInnen gleich.<\/td><td class=\"column-3\">... sorgen daf\u00fcr, dass unsere Kinder die Hausaufgaben unter g\u00fcnstigen Bedingungen erledigen k\u00f6nnen und unterst\u00fctzen sie dabei.<\/td>\n<\/tr>\n<tr class=\"row-5\">\n\t<td class=\"column-1\">... st\u00f6ren unsere Mitsch\u00fclerInnen nicht bei der Arbeit.\t<\/td><td class=\"column-2\">... planen unseren Unterricht sorgf\u00e4ltig und gestalten ihn interessant und abwechslungsreich.<\/td><td class=\"column-3\">... akzeptieren den Leistungsstand unserer Kinder.<\/td>\n<\/tr>\n<tr class=\"row-6\">\n\t<td class=\"column-1\">... arbeiten im Unterricht mit.<\/td><td class=\"column-2\">... ber\u00fccksichtigen Vorschl\u00e4ge der Sch\u00fclerInnen.<\/td><td class=\"column-3\">... sorgen daf\u00fcr, dass unsere Kinder eine ausgleichende Freizeitgestaltung haben.<\/td>\n<\/tr>\n<tr class=\"row-7\">\n\t<td class=\"column-1\">... l\u00f6sen Streitigkeiten gewaltfrei.<\/td><td class=\"column-2\">... f\u00f6rdern und fordern unsere Sch\u00fclerInnen individuell nach ihren Anlagen und Begabungen.<\/td><td class=\"column-3\">... sorgen daf\u00fcr, dass unsere Kinder eine ausgleichende Freizeitgestaltung haben.<\/td>\n<\/tr>\n<tr class=\"row-8\">\n\t<td class=\"column-1\">... behandeln s\u00e4mtliche Einrichtungsgegenst\u00e4nde der Schule sorgsam, halten sie rein und entwenden oder verstecken weder Schuleigentum noch Eigentum anderer.<\/td><td class=\"column-2\">... gestalten das Ausma\u00df der Hausaufgaben so, dass sie von den Sch\u00fclerInnen unter Ber\u00fccksichtigung der Lern-und Erholungsphasen erledigt werden k\u00f6nnen.<\/td><td class=\"column-3\">... st\u00e4rken und ermutigen unsere Kinder, um den schulischen Anforderungen gerecht zu werden.<\/td>\n<\/tr>\n<tr class=\"row-9\">\n\t<td class=\"column-1\">... gehen sorgf\u00e4ltig mit unseren Schulsachen um und halten Ordnung.<\/td><td class=\"column-2\">... nehmen W\u00fcnsche und Anregungen der Schulpartner ernst und pflegen regelm\u00e4\u00dfige Kommunikation.<\/td><td class=\"column-3\">... versuchen, unseren Kindern ein gutes Vorbild zu sein in Bezug auf Flei\u00df, Lerneifer und Achtung gegen\u00fcber anderen Menschen.<\/td>\n<\/tr>\n<tr class=\"row-10\">\n\t<td class=\"column-1\">... erledigen unsere Aufgaben gewissenhaft und sorgf\u00e4ltig.<\/td><td class=\"column-2\">... informieren die Eltern \u00fcber den Leistungsstand und das Verhalten der Sch\u00fclerInnen.<\/td><td class=\"column-3\">... nehmen aktiv am Schulgeschehen, an Schulfesten und Feiern teil.<\/td>\n<\/tr>\n<tr class=\"row-11\">\n\t<td class=\"column-1\"><\/td><td class=\"column-2\">... gestalten die Leistungsbeurteilung transparent.<\/td><td class=\"column-3\">... sorgen daf\u00fcr, dass unsere Kinder sicher zur Schule und nach Hause kommen.<\/td>\n<\/tr>\n<tr class=\"row-12\">\n\t<td class=\"column-1\"><\/td><td class=\"column-2\"><\/td><td class=\"column-3\">... f\u00f6rdern das selbstst\u00e4ndige Arbeiten, \u00fcberfordern unsere Kinder aber nicht.<\/td>\n<\/tr>\n<\/tbody>\n<\/table>\n<!-- #tablepress-4 from cache -->\n<\/div>\n<\/div>\n","protected":false},"excerpt":{"rendered":"<p>Verhaltensvereinbarungen F\u00fcr alle Schulpartner g\u00fcltige Verhaltensvereinbarungen: Wir begegnen einander h\u00f6flich und respektvoll in und au\u00dferhalb der Schule. Wir gehen r\u00fccksichtsvoll , ehrlich und wertsch\u00e4tzend miteinander um und lassen unterschiedliche Meinungen zu. Wir nehmen Schule als Gemeinschaft wahr und beteiligen uns aktiv am Schulgeschehen.<\/p>\n","protected":false},"author":1,"featured_media":0,"parent":0,"menu_order":0,"comment_status":"closed","ping_status":"closed","template":"page-templates\/full-width-page.php","meta":{"footnotes":""},"class_list":["post-1807","page","type-page","status-publish","hentry"],"_links":{"self":[{"href":"https:\/\/psc-hausmannstaetten.at\/vs\/wp-json\/wp\/v2\/pages\/1807","targetHints":{"allow":["GET"]}}],"collection":[{"href":"https:\/\/psc-hausmannstaetten.at\/vs\/wp-json\/wp\/v2\/pages"}],"about":[{"href":"https:\/\/psc-hausmannstaetten.at\/vs\/wp-json\/wp\/v2\/types\/page"}],"author":[{"embeddable":true,"href":"https:\/\/psc-hausmannstaetten.at\/vs\/wp-json\/wp\/v2\/users\/1"}],"replies":[{"embeddable":true,"href":"https:\/\/psc-hausmannstaetten.at\/vs\/wp-json\/wp\/v2\/comments?post=1807"}],"version-history":[{"count":9,"href":"https:\/\/psc-hausmannstaetten.at\/vs\/wp-json\/wp\/v2\/pages\/1807\/revisions"}],"predecessor-version":[{"id":2616,"href":"https:\/\/psc-hausmannstaetten.at\/vs\/wp-json\/wp\/v2\/pages\/1807\/revisions\/2616"}],"wp:attachment":[{"href":"https:\/\/psc-hausmannstaetten.at\/vs\/wp-json\/wp\/v2\/media?parent=1807"}],"curies":[{"name":"wp","href":"https:\/\/api.w.org\/{rel}","templated":true}]}}