{"id":1539,"date":"2022-05-31T17:41:29","date_gmt":"2022-05-31T15:41:29","guid":{"rendered":"https:\/\/psc-hausmannstaetten.at\/vs\/?page_id=1539"},"modified":"2026-03-23T09:55:41","modified_gmt":"2026-03-23T08:55:41","slug":"formulare","status":"publish","type":"page","link":"https:\/\/psc-hausmannstaetten.at\/vs\/formulare\/","title":{"rendered":"Formulare GTS"},"content":{"rendered":"<div data-colibri-id=\"1539-c1\" class=\"style-591 style-local-1539-c1 position-relative\">\n  <!---->\n  <div data-colibri-component=\"section\" data-colibri-id=\"1539-c2\" id=\"custom\" class=\"h-section h-section-global-spacing d-flex align-items-lg-center align-items-md-center align-items-center style-592 style-local-1539-c2 position-relative\">\n    <!---->\n    <!---->\n    <div class=\"h-section-grid-container h-section-boxed-container\">\n      <!---->\n      <div data-colibri-id=\"1539-c3\" class=\"h-row-container gutters-row-lg-2 gutters-row-md-2 gutters-row-0 gutters-row-v-lg-2 gutters-row-v-md-2 gutters-row-v-2 style-595 style-local-1539-c3 position-relative\">\n        <!---->\n        <div class=\"h-row justify-content-lg-center justify-content-md-center justify-content-center align-items-lg-stretch align-items-md-stretch align-items-stretch gutters-col-lg-2 gutters-col-md-2 gutters-col-0 gutters-col-v-lg-2 gutters-col-v-md-2 gutters-col-v-2\">\n          <!---->\n          <div class=\"h-column h-column-container d-flex h-col-lg-auto h-col-md-auto h-col-auto style-596-outer style-local-1539-c4-outer\">\n            <div data-colibri-id=\"1539-c4\" class=\"d-flex h-flex-basis h-column__inner h-px-lg-2 h-px-md-2 h-px-2 v-inner-lg-2 v-inner-md-2 v-inner-2 style-596 style-local-1539-c4 position-relative\">\n              <!---->\n              <!---->\n              <div class=\"w-100 h-y-container h-column__content h-column__v-align flex-basis-100 align-self-lg-start align-self-md-start align-self-start\">\n                <!---->\n                <div data-colibri-id=\"1539-c5\" class=\"h-global-transition-all h-heading style-597 style-local-1539-c5 position-relative h-element\">\n                  <!---->\n                  <div class=\"h-heading__outer style-597 style-local-1539-c5\">\n                    <!---->\n                    <!---->\n                    <h1 class=\"\">Formulare<\/h1>\n                  <\/div>\n                <\/div>\n              <\/div>\n            <\/div>\n          <\/div>\n        <\/div>\n      <\/div>\n      <div data-colibri-id=\"1539-c6\" class=\"h-row-container gutters-row-lg-2 gutters-row-md-2 gutters-row-0 gutters-row-v-lg-2 gutters-row-v-md-2 gutters-row-v-2 style-602 style-local-1539-c6 position-relative\">\n        <!---->\n        <div class=\"h-row justify-content-lg-center justify-content-md-center justify-content-center align-items-lg-stretch align-items-md-stretch align-items-stretch gutters-col-lg-2 gutters-col-md-2 gutters-col-0 gutters-col-v-lg-2 gutters-col-v-md-2 gutters-col-v-2\">\n          <!---->\n          <div class=\"h-column h-column-container d-flex h-col-lg-auto h-col-md-auto h-col-auto style-599-outer style-local-1539-c7-outer\">\n            <div data-colibri-id=\"1539-c7\" class=\"d-flex h-flex-basis h-column__inner h-px-lg-2 h-px-md-2 h-px-2 v-inner-lg-2 v-inner-md-2 v-inner-2 style-599 style-local-1539-c7 position-relative\">\n              <!---->\n              <!---->\n              <div class=\"w-100 h-y-container h-column__content h-column__v-align flex-basis-100 align-self-lg-start align-self-md-start align-self-start\">\n                <!---->\n                <div data-colibri-id=\"1539-c8\" class=\"h-global-transition-all h-heading style-604 style-local-1539-c8 position-relative h-element\">\n                  <!---->\n                  <div class=\"h-heading__outer style-604 style-local-1539-c8\">\n                    <!---->\n                    <!---->\n                    <h4 class=\"\">Anmeldeunterlagen zur ganzt\u00e4gigen Schulform <\/h4>\n                  <\/div>\n                <\/div>\n                <div data-colibri-id=\"1539-c9\" class=\"h-text h-text-component style-605 style-local-1539-c9 position-relative h-element\">\n                  <!---->\n                  <!---->\n                  <div class=\"\">\n                    <p>Nachstehend finden Sie die Anmeldung zur GTS. Bitte beachten Sie, dass die Angabe einer&nbsp;<strong>E-Mail-Adresse verpflichtend<\/strong>&nbsp;ist. Die monatlichen Rechnungen erhalten Sie per Mail.&nbsp;Die Zusage eines Betreuungsplatzes\n                      erhalten Sie auch per E-Mail. \u00dcber einen Link werden anschlie\u00dfend die Stammdaten der Kinder angegeben.&nbsp;<\/p>\n                    <p>In der ersten Schulwoche k\u00f6nnen Sie eine Abmeldung problemlos vornehmen,&nbsp;<strong>danach ist eine Abmeldung nur zu Semesterende m\u00f6glich (Abgabefrist: 15.1.)<\/strong>.<\/p>\n                    <p>\n                      <a href=\"https:\/\/psc-hausmannstaetten.at\/vs\/wp-content\/uploads\/sites\/2\/2025\/06\/Anmeldung-FB-Hausmannstaetten-252667.pdf\" class=\"customize-unpreviewable\">Anmeldung zur GTS<\/a>&nbsp;SJ 25\/26<\/p>\n                    <p>\n                      <a href=\"https:\/\/psc-hausmannstaetten.at\/vs\/wp-content\/uploads\/sites\/2\/2025\/06\/Abmeldungsformular-FB-Hausmannstaetten-2526.pdf\" class=\"customize-unpreviewable\">Abmeldungsformular<\/a>\n                    <\/p>\n                    <p>\n                      <a href=\"https:\/\/psc-hausmannstaetten.at\/vs\/wp-content\/uploads\/sites\/2\/2025\/06\/Aenderungsformular-FB-Hausmannstaetten-2526.pdf\" class=\"customize-unpreviewable\">\u00c4nderungsformular (f\u00fcr die Anzahl der angemeldeten Tage, Personal- und Kontodaten)<\/a>\n                    <\/p>\n                    <p>\n                      <a href=\"https:\/\/psc-hausmannstaetten.at\/vs\/wp-content\/uploads\/sites\/2\/2024\/06\/4-AGB_kompakt.pdf\" class=\"customize-unpreviewable\">AGB von Wiki<\/a>\n                    <\/p>\n                    <p>\n                      <br>\n                    <\/p>\n                    <p>Sommerbetreuung SJ 25\/26:&nbsp;<\/p>\n                    <p>\n                      <a href=\"https:\/\/psc-hausmannstaetten.at\/vs\/wp-content\/uploads\/sites\/2\/2026\/03\/Anmeldeformular_Sommer_Hausmannstaetten_VSMS_26272.pdf\" rel=\"noreferrer noopener\" target=\"_blank\" class=\"customize-unpreviewable\">Anmeldung zur Sommerbetreuung<\/a>&nbsp;2026<\/p>\n                    <p>\n                      <a href=\"https:\/\/psc-hausmannstaetten.at\/vs\/wp-content\/uploads\/sites\/2\/2026\/03\/Abmeldungs-und-Aenderungsformular-Sommer-26.pdf\" class=\"customize-unpreviewable\">Abmeldungs- und A\u0308nderungsformular Sommer 2026<\/a>\n                    <\/p>\n                    <p>\n                      <br>\n                    <\/p>\n                    <p>\n                      <br>\n                    <\/p>\n                  <\/div>\n                <\/div>\n                <div data-colibri-id=\"1539-c10\" class=\"h-text h-text-component style-600 style-local-1539-c10 position-relative h-element\">\n                  <!---->\n                  <!---->\n                  <div class=\"\"><\/div>\n                <\/div>\n              <\/div>\n            <\/div>\n          <\/div>\n        <\/div>\n      <\/div>\n    <\/div>\n  <\/div>\n<\/div>","protected":false},"excerpt":{"rendered":"<p>Formulare Anmeldeunterlagen zur ganzt\u00e4gigen Schulform Nachstehend finden Sie die Anmeldung zur GTS. Bitte beachten Sie, dass die Angabe einer&nbsp;E-Mail-Adresse verpflichtend&nbsp;ist. Die monatlichen Rechnungen erhalten Sie per Mail.&nbsp;Die Zusage eines Betreuungsplatzes erhalten Sie auch per E-Mail. \u00dcber einen Link werden anschlie\u00dfend die Stammdaten der Kinder angegeben.&nbsp; In der ersten Schulwoche k\u00f6nnen Sie eine Abmeldung problemlos vornehmen,&nbsp;danach [&hellip;]<\/p>\n","protected":false},"author":1,"featured_media":0,"parent":0,"menu_order":0,"comment_status":"closed","ping_status":"closed","template":"page-templates\/full-width-page.php","meta":{"footnotes":""},"class_list":["post-1539","page","type-page","status-publish","hentry"],"_links":{"self":[{"href":"https:\/\/psc-hausmannstaetten.at\/vs\/wp-json\/wp\/v2\/pages\/1539","targetHints":{"allow":["GET"]}}],"collection":[{"href":"https:\/\/psc-hausmannstaetten.at\/vs\/wp-json\/wp\/v2\/pages"}],"about":[{"href":"https:\/\/psc-hausmannstaetten.at\/vs\/wp-json\/wp\/v2\/types\/page"}],"author":[{"embeddable":true,"href":"https:\/\/psc-hausmannstaetten.at\/vs\/wp-json\/wp\/v2\/users\/1"}],"replies":[{"embeddable":true,"href":"https:\/\/psc-hausmannstaetten.at\/vs\/wp-json\/wp\/v2\/comments?post=1539"}],"version-history":[{"count":18,"href":"https:\/\/psc-hausmannstaetten.at\/vs\/wp-json\/wp\/v2\/pages\/1539\/revisions"}],"predecessor-version":[{"id":5744,"href":"https:\/\/psc-hausmannstaetten.at\/vs\/wp-json\/wp\/v2\/pages\/1539\/revisions\/5744"}],"wp:attachment":[{"href":"https:\/\/psc-hausmannstaetten.at\/vs\/wp-json\/wp\/v2\/media?parent=1539"}],"curies":[{"name":"wp","href":"https:\/\/api.w.org\/{rel}","templated":true}]}}