{"id":4802,"date":"2024-06-19T16:11:10","date_gmt":"2024-06-19T14:11:10","guid":{"rendered":"https:\/\/psc-hausmannstaetten.at\/ms\/?page_id=4802"},"modified":"2024-06-19T17:22:44","modified_gmt":"2024-06-19T15:22:44","slug":"faq","status":"publish","type":"page","link":"https:\/\/psc-hausmannstaetten.at\/ms\/faq\/","title":{"rendered":"FAQ"},"content":{"rendered":"<div data-colibri-id=\"4802-c1\" class=\"style-1009 style-local-4802-c1 position-relative\">\n  <!----><\/p>\n<div data-colibri-component=\"section\" data-colibri-id=\"4802-c2\" id=\"initial-content\" class=\"h-section h-section-global-spacing d-flex align-items-lg-center align-items-md-center align-items-center style-1010 style-local-4802-c2 position-relative\">\n    <!----><br \/>\n    <!----><\/p>\n<div class=\"h-section-grid-container h-section-boxed-container\">\n      <!----><\/p>\n<div data-colibri-id=\"4802-c3\" class=\"h-row-container gutters-row-lg-2 gutters-row-md-2 gutters-row-0 gutters-row-v-lg-2 gutters-row-v-md-2 gutters-row-v-2 style-1011 style-local-4802-c3 position-relative\">\n        <!----><\/p>\n<div class=\"h-row justify-content-lg-center justify-content-md-center justify-content-center align-items-lg-stretch align-items-md-stretch align-items-stretch gutters-col-lg-2 gutters-col-md-2 gutters-col-0 gutters-col-v-lg-2 gutters-col-v-md-2 gutters-col-v-2\">\n          <!----><\/p>\n<div class=\"h-column h-column-container d-flex h-col-lg-auto h-col-md-auto h-col-auto style-1012-outer style-local-4802-c4-outer\">\n<div data-colibri-id=\"4802-c4\" class=\"d-flex h-flex-basis h-column__inner h-px-lg-2 h-px-md-2 h-px-2 v-inner-lg-2 v-inner-md-2 v-inner-2 style-1012 style-local-4802-c4 position-relative\">\n              <!----><br \/>\n              <!----><\/p>\n<div class=\"w-100 h-y-container h-column__content h-column__v-align flex-basis-100 align-self-lg-start align-self-md-start align-self-start\">\n                <!----><\/p>\n<div data-colibri-id=\"4802-c5\" class=\"style-1013 style-local-4802-c5 position-relative h-element\">\n                  <!----><\/p>\n<div>\n\n\n<h2 class=\"wp-block-heading\">FAQ zur GTS<\/h2>\n\n\n\n<div style=\"height:40px\" aria-hidden=\"true\" class=\"wp-block-spacer\"><\/div>\n\n\n\n<p><em><strong>Wer liefert das Essen und wo findet es statt?<\/strong><\/em><\/p>\n\n\n\n<p>Das Essen wird vom Grazer Men\u00fc zubereitet und geliefert. Das Mittagessen findet gemeinsam mit der VF und GF im Generationensaal statt.<\/p>\n\n\n\n<p><\/p>\n\n\n\n<p><em><strong>Mein Kind ist krank oder hat einen Termin. Kann ich das Mittagessen f\u00fcr diese Zeit abmelden?<\/strong><\/em><\/p>\n\n\n\n<p>Ja, bis um 08:00 Uhr am Vortag ist dies m\u00f6glich. Bitte senden Sie dazu eine E-Mail an: <a href=\"mailto:essen@bildungscampus-hausmannstaetten.at\">essen@bildungscampus-hausmannstaetten.at<\/a><strong> <\/strong><\/p>\n\n\n\n<p><\/p>\n\n\n\n<p><em><strong>Wie lange hat mein Kind f\u00fcr das Erledigen der Haus\u00fcbung Zeit? <\/strong><\/em><\/p>\n\n\n\n<p>Die Kinder haben von 14:10-15:50 Zeit ihre Haus\u00fcbungen in der Lernstunde zu erledigen.<\/p>\n\n\n\n<p>Jeden Dienstag und Donnerstag findet zudem zus\u00e4tzlich ein Lerntreff in der MS statt, bei denen die Kinder ebenfalls von externen Personen betreut werden k\u00f6nnen, um ihre Hausaufgaben dort zu erledigen.<\/p>\n\n\n\n<p><\/p>\n\n\n\n<p><em><strong>Kann ich die Betreuungstage von meinem Kind reduzieren bzw. erh\u00f6hen? <\/strong><\/em><\/p>\n\n\n\n<p>Ja bis zum 20. jedes Monats kann eine \u00c4nderung f\u00fcr das darauf folgende Monat vorgenommen werden. Daf\u00fcr gibt es folgendes Formular: Anhang (Abmeldungs- Ummeldungsformular)<\/p>\n\n\n\n<p><\/p>\n\n\n\n<p><em><strong>Kann ich mein Kind von der Nachmittagsbetreuung komplett abmelden?<\/strong><\/em><\/p>\n\n\n\n<p>Ja, dies ist aber nur zum Semesterende m\u00f6glich.<\/p>\n\n\n\n<p><\/p>\n\n\n\n<p><em><strong>Darf mein Kind das Handy in der Nachmittagsbetreuung nutzen?<\/strong><\/em><\/p>\n\n\n\n<p>Ja, wir geben den Kindern allerdings eine Handyzeit von maximal 30 Minuten vor.<\/p>\n\n\n\n<p><\/p>\n\n\n\n<p><em><strong>Gibt es f\u00fcr den Sommer auch eine Betreuung? Und wie schaut es an den freien\/schulautonomen Tagen aus?<\/strong><\/em><\/p>\n\n\n\n<p>Ja, im Sommer bieten wir sowohl im Juli als auch im August eine Betreuung von 07:00-17:00 an. Dies gilt ebenfalls f\u00fcr schulautonome Tage.<\/p>\n\n\n\n<p><\/p>\n\n\n\n<p><em><strong>Noch gut zu wissen:<\/strong><\/em><\/p>\n\n\n\n<p>F\u00fcr die Kinder und Jugendlichen gibt es das Angebot (ab 12 Jahren; Ausnahmen ab 11) ein Jugendzentrum zu besuchen. Dieses befindet sich neben dem Fu\u00dfballplatz in Hausmannst\u00e4tten. Die Kinder haben dort die M\u00f6glichkeit sich mit gleichaltrigen oder \u00e4lteren Jugendlichen auszutauschen, Billard zu spielen, Nintendo Switch\/Playstation Spiele zu spielen und auch Ausfl\u00fcge zu machen.<\/p>\n\n\n\n<p><\/p>\n\n\n\n<p><em><strong>Wie kann ich das Team der MS GTS erreichen?<\/strong><\/em><\/p>\n\n\n\n<p>Sie erreichen uns telefonisch unter: 0664 85 70 599. Oder per E-Mail unter:<\/p>\n\n\n\n<div class=\"wp-block-group is-vertical is-content-justification-left is-layout-flex wp-container-core-group-is-layout-c0ca7d81 wp-block-group-is-layout-flex\">\n<p>P\u00e4dagoginnen:<\/p>\n\n\n\n<p>\n                        <a href=\"mailto:sarah.gluvakovic@bildungscampus-hausmannstaetten.at\">sarah.gluvakovic@bildungscampus-hausmannstaetten.at<\/a>\n                      <\/p>\n\n\n\n<p>\n                        <a href=\"mailto:vera.pilitsidou@bildungscampus-hausmannstaetten.at\">vera.pilitsidou@bildungscampus-hausmannstaetten.at<\/a>\n                      <\/p>\n\n\n\n<p><\/p>\n\n\n\n<p>Leitung:<\/p>\n\n\n\n<p>\n                        <a href=\"mailto:gts@bildungscampus-hausmannstaetten.at\">gts@bildungscampus-hausmannstaetten.at<\/a>\n                      <\/p>\n<\/div>\n\n\n\n<p><\/p>\n\n\n\n<p><em><strong>Ich habe Fragen zur monatlichen Abbuchung der Beitr\u00e4ge. Wen kann ich kontaktieren?<\/strong><\/em><\/p>\n\n\n\n<p>Daf\u00fcr ist die GTS-Leitung, Herr Hasanovic, zust\u00e4ndig.<\/p>\n\n\n\n<p><\/p>\n\n\n\n<p><em><strong>Kann mein Kind die Nachmittagsbetreuung alleine verlassen, um nach Hause zu gehen? <\/strong><\/em><\/p>\n\n\n\n<p>Ja, daf\u00fcr gibt es ein eigenes Formular, wo die Heimgehzeiten vereinbart werden.<\/p>\n\n\n<\/div><\/div>\n<\/p><\/div>\n<\/p><\/div>\n<\/p><\/div>\n<\/p><\/div>\n<\/p><\/div>\n<\/p><\/div>\n<\/p><\/div>\n<\/div>","protected":false},"excerpt":{"rendered":"<p>FAQ zur GTS Wer liefert das Essen und wo findet es statt? Das Essen wird vom Grazer Men\u00fc zubereitet und geliefert. Das Mittagessen findet gemeinsam mit der VF und GF im Generationensaal statt. Mein Kind ist krank oder hat einen Termin. Kann ich das Mittagessen f\u00fcr diese Zeit abmelden? Ja, bis um 08:00 Uhr am [&hellip;]<\/p>\n","protected":false},"author":1,"featured_media":0,"parent":0,"menu_order":0,"comment_status":"closed","ping_status":"closed","template":"page-templates\/full-width-page.php","meta":{"footnotes":""},"class_list":["post-4802","page","type-page","status-publish","hentry"],"_links":{"self":[{"href":"https:\/\/psc-hausmannstaetten.at\/ms\/wp-json\/wp\/v2\/pages\/4802","targetHints":{"allow":["GET"]}}],"collection":[{"href":"https:\/\/psc-hausmannstaetten.at\/ms\/wp-json\/wp\/v2\/pages"}],"about":[{"href":"https:\/\/psc-hausmannstaetten.at\/ms\/wp-json\/wp\/v2\/types\/page"}],"author":[{"embeddable":true,"href":"https:\/\/psc-hausmannstaetten.at\/ms\/wp-json\/wp\/v2\/users\/1"}],"replies":[{"embeddable":true,"href":"https:\/\/psc-hausmannstaetten.at\/ms\/wp-json\/wp\/v2\/comments?post=4802"}],"version-history":[{"count":6,"href":"https:\/\/psc-hausmannstaetten.at\/ms\/wp-json\/wp\/v2\/pages\/4802\/revisions"}],"predecessor-version":[{"id":4902,"href":"https:\/\/psc-hausmannstaetten.at\/ms\/wp-json\/wp\/v2\/pages\/4802\/revisions\/4902"}],"wp:attachment":[{"href":"https:\/\/psc-hausmannstaetten.at\/ms\/wp-json\/wp\/v2\/media?parent=4802"}],"curies":[{"name":"wp","href":"https:\/\/api.w.org\/{rel}","templated":true}]}}