{"id":4798,"date":"2024-06-19T16:11:10","date_gmt":"2024-06-19T14:11:10","guid":{"rendered":"https:\/\/psc-hausmannstaetten.at\/ms\/?page_id=4798"},"modified":"2025-09-18T08:20:54","modified_gmt":"2025-09-18T06:20:54","slug":"informationen","status":"publish","type":"page","link":"https:\/\/psc-hausmannstaetten.at\/ms\/informationen\/","title":{"rendered":"Informationen GTS"},"content":{"rendered":"\n<h1 class=\"wp-block-heading has-text-align-center\">Informationen GTS<\/h1>\n\n\n\n<div style=\"height:30px\" aria-hidden=\"true\" class=\"wp-block-spacer\"><\/div>\n\n\n\n<p><em>Die Nachmittagsbetreuung bzw. GTS MS, arbeitet in einem offenen System. Dies bedeutet, dass das Team, welches aus Freizeitp\u00e4dagogInnen besteht f\u00fcr alle Kinder zust\u00e4ndig ist. Die R\u00e4umlichkeiten der Nachmittagsbetreuung befinden sich im Geb\u00e4ude der Mittelschule. <\/em><\/p>\n\n\n\n<p><strong>Tagesablauf GTS MS<\/strong><\/p>\n\n\n\n<p>Die Sch\u00fclerInnen kommen selbstst\u00e4ndig nach Unterrichtsende (je nach Stundenplan 12:40, 13:35, 14:25 oder 15:15) in die GTS. Danach begleiten die Freizeitp\u00e4dagogInnen die Kinder gemeinsam zum Mittagessen, welches im Generationensaal\n                      f\u00fcr die Kinder bereitgestellt wird. Da die Kinder aus den 1.- 4. Klassen immer unterschiedlich vom Unterricht fertig sind gibt es nat\u00fcrlich auch f\u00fcr diejenigen noch ein Mittagessen, welche sp\u00e4ter aus haben. Nach dem Essen haben die\n                      Kinder meist noch etwas Zeit f\u00fcr Freizeitaktivit\u00e4ten bevor sie in der Lernstunde ihre Hausaufgaben erledigen. Diese wird von den MS LehrerInnen gef\u00fchrt und die Kinder haben die M\u00f6glichkeit von Mo-Do in jeweils zwei Lernstunden ihren\n                      schulischen Anliegen nachzukommen. Freitags findet meist nur eine Lernstunde statt. Nach den Lernstunden folgt die Freizeit, in der die Kinder verschiedenste M\u00f6glichkeiten haben, um ihren pers\u00f6nlichen Interessen nachzugehen.<\/p>\n\n\n\n<p><strong>P\u00e4dagogisches Konzept <\/strong><\/p>\n\n\n\n<p>Die Freizeit soll f\u00fcr die Sch\u00fclerInnen einen Raum zur Erholung bieten, sowie den Ausgleich zwischen k\u00f6rperlichen und geistigen Wohlbefinden f\u00f6rdern. Dabei werden nachstehende Aspekte beg\u00fcnstigt:<\/p>\n\n\n\n<ul class=\"wp-block-list\">\n<li>M\u00f6glichkeit zur Aus\u00fcbung individueller Interessen<\/li>\n\n\n\n<li>F\u00f6rderung von Gruppenzusammenhalt<\/li>\n\n\n\n<li>Pers\u00f6nlichkeitsbildung<\/li>\n\n\n\n<li>Soziales Lernen<\/li>\n<\/ul>\n\n\n\n<p>Neben den ganzen freiwilligen Angeboten, welche wir den Kindern bieten, gibt es auch freie Phasen, bei denen die Kinder sich selbstst\u00e4ndig besch\u00e4ftigen k\u00f6nnen.<\/p>\n\n\n\n<div style=\"height:30px\" aria-hidden=\"true\" class=\"wp-block-spacer\"><\/div>\n\n\n\n<p class=\"has-text-align-center\"><em>Wie kann ich das Team der MS GTS erreichen?<\/em><\/p>\n\n\n\n<div class=\"wp-block-group is-vertical is-content-justification-center is-layout-flex wp-container-core-group-is-layout-4b2eccd6 wp-block-group-is-layout-flex\">\n<p class=\"has-text-align-center\">Sie erreichen uns telefonisch unter: 0664 74 200 9882. Oder per E-Mail unter:<\/p>\n\n\n\n<p class=\"has-text-align-center\">\n                        <a href=\"mailto:gts@bildungscampus-hausmannstaetten.at\">gts@bildungscampus-hausmannstaetten.at<\/a>\n                      <\/p>\n<\/div>\n\n\n\n<div style=\"height:40px\" aria-hidden=\"true\" class=\"wp-block-spacer\"><\/div>\n\n\n\n<p>Formulare finden Sie <a href=\"https:\/\/psc-hausmannstaetten.at\/vs\/formulare\" data-type=\"page\" data-id=\"4800\">hier<\/a>.<\/p>\n\n\n\n<div style=\"height:82px\" aria-hidden=\"true\" class=\"wp-block-spacer\"><\/div>\n\n\n\n<div class=\"wp-block-columns are-vertically-aligned-center is-layout-flex wp-container-core-columns-is-layout-9d6595d7 wp-block-columns-is-layout-flex\">\n<div class=\"wp-block-column is-vertically-aligned-center is-layout-flow wp-block-column-is-layout-flow\" style=\"flex-basis:33.33%\">\n<figure class=\"wp-block-image size-full is-style-rounded\"><img loading=\"lazy\" decoding=\"async\" width=\"265\" height=\"352\" src=\"https:\/\/psc-hausmannstaetten.at\/ms\/wp-content\/uploads\/sites\/3\/2024\/06\/Bild1-1.jpg\" alt=\"\" class=\"wp-image-4840\" style=\"aspect-ratio:1;object-fit:contain\" srcset=\"https:\/\/psc-hausmannstaetten.at\/ms\/wp-content\/uploads\/sites\/3\/2024\/06\/Bild1-1.jpg 265w, https:\/\/psc-hausmannstaetten.at\/ms\/wp-content\/uploads\/sites\/3\/2024\/06\/Bild1-1-226x300.jpg 226w\" sizes=\"auto, (max-width: 265px) 100vw, 265px\" \/><\/figure>\n<\/div>\n\n\n\n<div class=\"wp-block-column is-vertically-aligned-center is-layout-flow wp-block-column-is-layout-flow\" style=\"flex-basis:33.33%\">\n<figure class=\"wp-block-image size-full is-resized is-style-rounded\"><img loading=\"lazy\" decoding=\"async\" width=\"249\" height=\"332\" src=\"https:\/\/psc-hausmannstaetten.at\/ms\/wp-content\/uploads\/sites\/3\/2024\/06\/Bild5.jpg\" alt=\"\" class=\"wp-image-4842\" style=\"aspect-ratio:1;object-fit:contain;width:310px;height:auto\" srcset=\"https:\/\/psc-hausmannstaetten.at\/ms\/wp-content\/uploads\/sites\/3\/2024\/06\/Bild5.jpg 249w, https:\/\/psc-hausmannstaetten.at\/ms\/wp-content\/uploads\/sites\/3\/2024\/06\/Bild5-225x300.jpg 225w\" sizes=\"auto, (max-width: 249px) 100vw, 249px\" \/><\/figure>\n<\/div>\n\n\n\n<div class=\"wp-block-column is-vertically-aligned-center is-layout-flow wp-block-column-is-layout-flow\" style=\"flex-basis:33.33%\">\n<figure class=\"wp-block-image size-full is-style-rounded\"><img loading=\"lazy\" decoding=\"async\" width=\"299\" height=\"399\" src=\"https:\/\/psc-hausmannstaetten.at\/ms\/wp-content\/uploads\/sites\/3\/2024\/06\/Bild9.jpg\" alt=\"\" class=\"wp-image-4838\" style=\"aspect-ratio:1;object-fit:contain\" srcset=\"https:\/\/psc-hausmannstaetten.at\/ms\/wp-content\/uploads\/sites\/3\/2024\/06\/Bild9.jpg 299w, https:\/\/psc-hausmannstaetten.at\/ms\/wp-content\/uploads\/sites\/3\/2024\/06\/Bild9-225x300.jpg 225w\" sizes=\"auto, (max-width: 299px) 100vw, 299px\" \/><\/figure>\n<\/div>\n<\/div>\n\n\n\n<div class=\"wp-block-columns are-vertically-aligned-center is-layout-flex wp-container-core-columns-is-layout-9d6595d7 wp-block-columns-is-layout-flex\">\n<div class=\"wp-block-column is-vertically-aligned-center is-layout-flow wp-block-column-is-layout-flow\" style=\"flex-basis:33.34%\">\n<figure class=\"wp-block-image size-large is-resized is-style-rounded\"><img loading=\"lazy\" decoding=\"async\" width=\"289\" height=\"217\" src=\"https:\/\/psc-hausmannstaetten.at\/ms\/wp-content\/uploads\/sites\/3\/2024\/06\/Bild3-1.jpg\" alt=\"\" class=\"wp-image-4836\" style=\"width:273px;height:auto\"\/><\/figure>\n<\/div>\n\n\n\n<div class=\"wp-block-column is-vertically-aligned-center is-layout-flow wp-block-column-is-layout-flow\" style=\"flex-basis:33.34%\">\n<figure class=\"wp-block-image size-full is-style-rounded\"><img loading=\"lazy\" decoding=\"async\" width=\"283\" height=\"212\" src=\"https:\/\/psc-hausmannstaetten.at\/ms\/wp-content\/uploads\/sites\/3\/2024\/06\/Bild2-2.jpg\" alt=\"\" class=\"wp-image-4849\"\/><\/figure>\n<\/div>\n\n\n\n<div class=\"wp-block-column is-vertically-aligned-center is-layout-flow wp-block-column-is-layout-flow\" style=\"flex-basis:33.33%\">\n<figure class=\"wp-block-image size-full is-style-rounded\"><img loading=\"lazy\" decoding=\"async\" width=\"294\" height=\"221\" src=\"https:\/\/psc-hausmannstaetten.at\/ms\/wp-content\/uploads\/sites\/3\/2024\/06\/Bild8.jpg\" alt=\"\" class=\"wp-image-4839\"\/><\/figure>\n<\/div>\n<\/div>\n\n\n\n<div class=\"wp-block-columns is-layout-flex wp-container-core-columns-is-layout-9d6595d7 wp-block-columns-is-layout-flex\">\n<div class=\"wp-block-column is-layout-flow wp-block-column-is-layout-flow\" style=\"flex-basis:33.34%\">\n<figure class=\"wp-block-image size-full is-style-rounded\"><img loading=\"lazy\" decoding=\"async\" width=\"317\" height=\"399\" src=\"https:\/\/psc-hausmannstaetten.at\/ms\/wp-content\/uploads\/sites\/3\/2024\/06\/Bild6.jpg\" alt=\"\" class=\"wp-image-4844\" style=\"aspect-ratio:1;object-fit:contain\" srcset=\"https:\/\/psc-hausmannstaetten.at\/ms\/wp-content\/uploads\/sites\/3\/2024\/06\/Bild6.jpg 317w, https:\/\/psc-hausmannstaetten.at\/ms\/wp-content\/uploads\/sites\/3\/2024\/06\/Bild6-238x300.jpg 238w\" sizes=\"auto, (max-width: 317px) 100vw, 317px\" \/><\/figure>\n<\/div>\n\n\n\n<div class=\"wp-block-column is-layout-flow wp-block-column-is-layout-flow\" style=\"flex-basis:33.34%\">\n<figure class=\"wp-block-image size-full is-resized is-style-rounded\"><img loading=\"lazy\" decoding=\"async\" width=\"405\" height=\"303\" src=\"https:\/\/psc-hausmannstaetten.at\/ms\/wp-content\/uploads\/sites\/3\/2024\/06\/Bild10-1.jpg\" alt=\"\" class=\"wp-image-4852\" style=\"aspect-ratio:1;object-fit:contain;width:282px;height:auto\" srcset=\"https:\/\/psc-hausmannstaetten.at\/ms\/wp-content\/uploads\/sites\/3\/2024\/06\/Bild10-1.jpg 405w, https:\/\/psc-hausmannstaetten.at\/ms\/wp-content\/uploads\/sites\/3\/2024\/06\/Bild10-1-300x224.jpg 300w\" sizes=\"auto, (max-width: 405px) 100vw, 405px\" \/><\/figure>\n<\/div>\n\n\n\n<div class=\"wp-block-column is-layout-flow wp-block-column-is-layout-flow\" style=\"flex-basis:33.33%\">\n<figure class=\"wp-block-image size-full is-style-rounded\"><img loading=\"lazy\" decoding=\"async\" width=\"299\" height=\"398\" src=\"https:\/\/psc-hausmannstaetten.at\/ms\/wp-content\/uploads\/sites\/3\/2024\/06\/Bild7.jpg\" alt=\"\" class=\"wp-image-4834\" style=\"aspect-ratio:1;object-fit:contain\" srcset=\"https:\/\/psc-hausmannstaetten.at\/ms\/wp-content\/uploads\/sites\/3\/2024\/06\/Bild7.jpg 299w, https:\/\/psc-hausmannstaetten.at\/ms\/wp-content\/uploads\/sites\/3\/2024\/06\/Bild7-225x300.jpg 225w\" sizes=\"auto, (max-width: 299px) 100vw, 299px\" \/><\/figure>\n<\/div>\n<\/div>\n\n\n<\/div>\n<\/div>\n<\/div>\n<\/div>\n<\/div>\n<\/div>\n<\/div>\n<\/div>\n<\/div>\n<\/div>","protected":false},"excerpt":{"rendered":"<p>Informationen GTS Die Nachmittagsbetreuung bzw. GTS MS, arbeitet in einem offenen System. Dies bedeutet, dass das Team, welches aus Freizeitp\u00e4dagogInnen besteht f\u00fcr alle Kinder zust\u00e4ndig ist. Die R\u00e4umlichkeiten der Nachmittagsbetreuung befinden sich im Geb\u00e4ude der Mittelschule. Tagesablauf GTS MS Die Sch\u00fclerInnen kommen selbstst\u00e4ndig nach Unterrichtsende (je nach Stundenplan 12:40, 13:35, 14:25 oder 15:15) in die [&hellip;]<\/p>\n","protected":false},"author":1,"featured_media":0,"parent":0,"menu_order":0,"comment_status":"closed","ping_status":"closed","template":"","meta":{"footnotes":""},"class_list":["post-4798","page","type-page","status-publish","hentry"],"_links":{"self":[{"href":"https:\/\/psc-hausmannstaetten.at\/ms\/wp-json\/wp\/v2\/pages\/4798","targetHints":{"allow":["GET"]}}],"collection":[{"href":"https:\/\/psc-hausmannstaetten.at\/ms\/wp-json\/wp\/v2\/pages"}],"about":[{"href":"https:\/\/psc-hausmannstaetten.at\/ms\/wp-json\/wp\/v2\/types\/page"}],"author":[{"embeddable":true,"href":"https:\/\/psc-hausmannstaetten.at\/ms\/wp-json\/wp\/v2\/users\/1"}],"replies":[{"embeddable":true,"href":"https:\/\/psc-hausmannstaetten.at\/ms\/wp-json\/wp\/v2\/comments?post=4798"}],"version-history":[{"count":20,"href":"https:\/\/psc-hausmannstaetten.at\/ms\/wp-json\/wp\/v2\/pages\/4798\/revisions"}],"predecessor-version":[{"id":5899,"href":"https:\/\/psc-hausmannstaetten.at\/ms\/wp-json\/wp\/v2\/pages\/4798\/revisions\/5899"}],"wp:attachment":[{"href":"https:\/\/psc-hausmannstaetten.at\/ms\/wp-json\/wp\/v2\/media?parent=4798"}],"curies":[{"name":"wp","href":"https:\/\/api.w.org\/{rel}","templated":true}]}}