{"id":4461,"date":"2023-12-19T09:12:18","date_gmt":"2023-12-19T08:12:18","guid":{"rendered":"https:\/\/psc-hausmannstaetten.at\/ms\/?page_id=4461"},"modified":"2026-02-05T12:53:46","modified_gmt":"2026-02-05T11:53:46","slug":"kleine-einblicke","status":"publish","type":"page","link":"https:\/\/psc-hausmannstaetten.at\/ms\/kleine-einblicke\/","title":{"rendered":"Musikalische Einblicke"},"content":{"rendered":"\n<div style=\"height:100px\" aria-hidden=\"true\" class=\"wp-block-spacer\"><\/div>\n\n\n\n<div class=\"wp-block-columns is-layout-flex wp-container-core-columns-is-layout-9d6595d7 wp-block-columns-is-layout-flex\">\n<div class=\"wp-block-column is-layout-flow wp-block-column-is-layout-flow\" style=\"flex-basis:200px\"><\/div>\n\n\n\n<div class=\"wp-block-column is-layout-flow wp-block-column-is-layout-flow\">\n<p class=\"has-medium-font-size\">Adventsingen in Fernitz | SJ 25 \/ 26<\/p>\n\n\n\n<div style=\"height:29px\" aria-hidden=\"true\" class=\"wp-block-spacer\"><\/div>\n\n\n\n<p class=\"has-medium-font-size\">Unsere Musikklassen organisierten zwei stimmungsvolle Adventkonzerte&nbsp;in den Pfarrkirchen Fernitz und Hausmannst\u00e4tten. Die musikalischen Beitr\u00e4ge sorgten f\u00fcr eine&nbsp;besinnliche Atmosph\u00e4re und lie\u00dfen die Besucherinnen und Besucher den Alltagsstress f\u00fcr&nbsp;eine Weile vergessen. Die bei den Konzerten gesammelten Spenden kamen dem Verein \u201eSuperar\u201c zugute, der Kindern und Jugendlichen kostenlosen Zugang zu kultureller Bildung&nbsp;erm\u00f6glicht und so einen wertvollen Beitrag zur musikalischen F\u00f6rderung leistet.&nbsp;<br><br>Ein gro\u00dfer Dank gilt allen Besucher:innen sowie dem Sportbuffet Hausmannst\u00e4tten, das nicht nur k\u00f6stliche Getr\u00e4nke anbot,&nbsp;sondern einen Teil ihre Einnahmen ebenfalls f\u00fcr den guten Zweck spendete. Diese Aktionen&nbsp;zeigten eindrucksvoll, wie viel gemeinsam erreicht werden kann.&nbsp;<\/p>\n\n\n\n<figure class=\"wp-block-gallery has-nested-images columns-default is-cropped wp-block-gallery-1 is-layout-flex wp-block-gallery-is-layout-flex\">\n<figure class=\"wp-block-image size-large\"><img loading=\"lazy\" decoding=\"async\" width=\"1024\" height=\"683\" data-id=\"6452\" src=\"https:\/\/psc-hausmannstaetten.at\/ms\/wp-content\/uploads\/sites\/3\/2026\/01\/4_komprimiert-1024x683.jpg\" alt=\"\" class=\"wp-image-6452\" srcset=\"https:\/\/psc-hausmannstaetten.at\/ms\/wp-content\/uploads\/sites\/3\/2026\/01\/4_komprimiert-1024x683.jpg 1024w, https:\/\/psc-hausmannstaetten.at\/ms\/wp-content\/uploads\/sites\/3\/2026\/01\/4_komprimiert-300x200.jpg 300w, https:\/\/psc-hausmannstaetten.at\/ms\/wp-content\/uploads\/sites\/3\/2026\/01\/4_komprimiert-768x512.jpg 768w, https:\/\/psc-hausmannstaetten.at\/ms\/wp-content\/uploads\/sites\/3\/2026\/01\/4_komprimiert-1536x1024.jpg 1536w, https:\/\/psc-hausmannstaetten.at\/ms\/wp-content\/uploads\/sites\/3\/2026\/01\/4_komprimiert-2048x1365.jpg 2048w\" sizes=\"auto, (max-width: 1024px) 100vw, 1024px\" \/><\/figure>\n\n\n\n<figure class=\"wp-block-image size-large\"><img loading=\"lazy\" decoding=\"async\" width=\"683\" height=\"1024\" data-id=\"6447\" src=\"https:\/\/psc-hausmannstaetten.at\/ms\/wp-content\/uploads\/sites\/3\/2026\/01\/1_komprimiert-683x1024.jpg\" alt=\"\" class=\"wp-image-6447\" srcset=\"https:\/\/psc-hausmannstaetten.at\/ms\/wp-content\/uploads\/sites\/3\/2026\/01\/1_komprimiert-683x1024.jpg 683w, https:\/\/psc-hausmannstaetten.at\/ms\/wp-content\/uploads\/sites\/3\/2026\/01\/1_komprimiert-200x300.jpg 200w, https:\/\/psc-hausmannstaetten.at\/ms\/wp-content\/uploads\/sites\/3\/2026\/01\/1_komprimiert-768x1152.jpg 768w, https:\/\/psc-hausmannstaetten.at\/ms\/wp-content\/uploads\/sites\/3\/2026\/01\/1_komprimiert-1024x1536.jpg 1024w, https:\/\/psc-hausmannstaetten.at\/ms\/wp-content\/uploads\/sites\/3\/2026\/01\/1_komprimiert-1365x2048.jpg 1365w, https:\/\/psc-hausmannstaetten.at\/ms\/wp-content\/uploads\/sites\/3\/2026\/01\/1_komprimiert-scaled.jpg 1707w\" sizes=\"auto, (max-width: 683px) 100vw, 683px\" \/><\/figure>\n\n\n\n<figure class=\"wp-block-image size-large\"><img loading=\"lazy\" decoding=\"async\" width=\"768\" height=\"1024\" data-id=\"6484\" src=\"https:\/\/psc-hausmannstaetten.at\/ms\/wp-content\/uploads\/sites\/3\/2026\/01\/IMG_9757-768x1024.jpg\" alt=\"\" class=\"wp-image-6484\" srcset=\"https:\/\/psc-hausmannstaetten.at\/ms\/wp-content\/uploads\/sites\/3\/2026\/01\/IMG_9757-768x1024.jpg 768w, https:\/\/psc-hausmannstaetten.at\/ms\/wp-content\/uploads\/sites\/3\/2026\/01\/IMG_9757-225x300.jpg 225w, https:\/\/psc-hausmannstaetten.at\/ms\/wp-content\/uploads\/sites\/3\/2026\/01\/IMG_9757-1152x1536.jpg 1152w, https:\/\/psc-hausmannstaetten.at\/ms\/wp-content\/uploads\/sites\/3\/2026\/01\/IMG_9757-1536x2048.jpg 1536w, https:\/\/psc-hausmannstaetten.at\/ms\/wp-content\/uploads\/sites\/3\/2026\/01\/IMG_9757-scaled.jpg 1920w\" sizes=\"auto, (max-width: 768px) 100vw, 768px\" \/><\/figure>\n\n\n\n<figure class=\"wp-block-image size-large\"><img loading=\"lazy\" decoding=\"async\" width=\"1024\" height=\"683\" data-id=\"6453\" src=\"https:\/\/psc-hausmannstaetten.at\/ms\/wp-content\/uploads\/sites\/3\/2026\/01\/2_komprimiert-1024x683.jpg\" alt=\"\" class=\"wp-image-6453\" srcset=\"https:\/\/psc-hausmannstaetten.at\/ms\/wp-content\/uploads\/sites\/3\/2026\/01\/2_komprimiert-1024x683.jpg 1024w, https:\/\/psc-hausmannstaetten.at\/ms\/wp-content\/uploads\/sites\/3\/2026\/01\/2_komprimiert-300x200.jpg 300w, https:\/\/psc-hausmannstaetten.at\/ms\/wp-content\/uploads\/sites\/3\/2026\/01\/2_komprimiert-768x512.jpg 768w, https:\/\/psc-hausmannstaetten.at\/ms\/wp-content\/uploads\/sites\/3\/2026\/01\/2_komprimiert-1536x1024.jpg 1536w, https:\/\/psc-hausmannstaetten.at\/ms\/wp-content\/uploads\/sites\/3\/2026\/01\/2_komprimiert-2048x1365.jpg 2048w\" sizes=\"auto, (max-width: 1024px) 100vw, 1024px\" \/><\/figure>\n\n\n\n<figure class=\"wp-block-image size-large\"><img loading=\"lazy\" decoding=\"async\" width=\"1024\" height=\"683\" data-id=\"6454\" src=\"https:\/\/psc-hausmannstaetten.at\/ms\/wp-content\/uploads\/sites\/3\/2026\/01\/3_komprimiert-1024x683.jpg\" alt=\"\" class=\"wp-image-6454\" srcset=\"https:\/\/psc-hausmannstaetten.at\/ms\/wp-content\/uploads\/sites\/3\/2026\/01\/3_komprimiert-1024x683.jpg 1024w, https:\/\/psc-hausmannstaetten.at\/ms\/wp-content\/uploads\/sites\/3\/2026\/01\/3_komprimiert-300x200.jpg 300w, https:\/\/psc-hausmannstaetten.at\/ms\/wp-content\/uploads\/sites\/3\/2026\/01\/3_komprimiert-768x512.jpg 768w, https:\/\/psc-hausmannstaetten.at\/ms\/wp-content\/uploads\/sites\/3\/2026\/01\/3_komprimiert-1536x1024.jpg 1536w, https:\/\/psc-hausmannstaetten.at\/ms\/wp-content\/uploads\/sites\/3\/2026\/01\/3_komprimiert-2048x1366.jpg 2048w\" sizes=\"auto, (max-width: 1024px) 100vw, 1024px\" \/><\/figure>\n\n\n\n<figure class=\"wp-block-image size-large\"><img loading=\"lazy\" decoding=\"async\" width=\"1024\" height=\"768\" data-id=\"6483\" src=\"https:\/\/psc-hausmannstaetten.at\/ms\/wp-content\/uploads\/sites\/3\/2026\/01\/IMG_9753-1024x768.jpg\" alt=\"\" class=\"wp-image-6483\" srcset=\"https:\/\/psc-hausmannstaetten.at\/ms\/wp-content\/uploads\/sites\/3\/2026\/01\/IMG_9753-1024x768.jpg 1024w, https:\/\/psc-hausmannstaetten.at\/ms\/wp-content\/uploads\/sites\/3\/2026\/01\/IMG_9753-300x225.jpg 300w, https:\/\/psc-hausmannstaetten.at\/ms\/wp-content\/uploads\/sites\/3\/2026\/01\/IMG_9753-768x576.jpg 768w, https:\/\/psc-hausmannstaetten.at\/ms\/wp-content\/uploads\/sites\/3\/2026\/01\/IMG_9753-1536x1152.jpg 1536w, https:\/\/psc-hausmannstaetten.at\/ms\/wp-content\/uploads\/sites\/3\/2026\/01\/IMG_9753-2048x1536.jpg 2048w\" sizes=\"auto, (max-width: 1024px) 100vw, 1024px\" \/><\/figure>\n<\/figure>\n<\/div>\n\n\n\n<div class=\"wp-block-column is-layout-flow wp-block-column-is-layout-flow\" style=\"flex-basis:200px\"><\/div>\n<\/div>\n\n\n\n<div class=\"wp-block-columns is-layout-flex wp-container-core-columns-is-layout-9d6595d7 wp-block-columns-is-layout-flex\">\n<div class=\"wp-block-column is-layout-flow wp-block-column-is-layout-flow\" style=\"flex-basis:200px\"><\/div>\n\n\n\n<div class=\"wp-block-column is-layout-flow wp-block-column-is-layout-flow\">\n<p class=\"has-medium-font-size\">Musical | SJ 24 \/ 25<\/p>\n\n\n\n<p style=\"font-size:20px\"><strong>Mitrei\u00dfendes Musical der 1. und 2. Klassen begeistert Publikum<\/strong><br><em>Ein Schulprojekt voller Kreativit\u00e4t, Engagement und Gemeinschaftsgeist<\/em><\/p>\n\n\n\n<p style=\"font-size:20px\">Gro\u00dfer Applaus und strahlende Gesichter \u2013 das Musical \u201eKwela\u201cder ersten und zweiten Klassen der Musik-Mittelschule Hausmannst\u00e4tten war ein voller Erfolg! Mit viel Herzblut und Begeisterung brachten die Sch\u00fclerinnen und Sch\u00fcler eine mitrei\u00dfende Auff\u00fchrung auf die B\u00fchne, die nicht nur musikalisch, sondern auch durch den Einsatz jedes einzelnen beeindruckte.<\/p>\n\n\n\n<p style=\"font-size:20px\">Besonders hervorzuheben ist das enorme Engagement aller Beteiligten: Die Kinder fertigten mit Unterst\u00fctzung ihrer Lehrpersonen fantasievolle Requisiten und farbenfrohe Kost\u00fcme an. Jede Klasse trug auf ihre Weise zur Gestaltung des Musicals bei \u2013 sei es durch kreatives Basteln, leidenschaftliches Proben oder durch ihren Einsatz auf der B\u00fchne.<\/p>\n\n\n\n<p style=\"font-size:20px\">Musikalisch begleitet wurde das St\u00fcck von der talentierten Schulband, die den Songs eine besondere Dynamik verlieh und das Publikum von der ersten bis zur letzten Minute fesselte. Der Funke sprang schnell \u00fcber, denn die Freude und der Stolz der Kinder an ihrem Werk waren deutlich sp\u00fcrbar.<\/p>\n\n\n\n<p style=\"font-size:20px\">Durch das Projekt entstand ein starkes <em>Wir-Gef\u00fchl<\/em>, das den Schulalltag weit \u00fcber die Auff\u00fchrung hinaus bereichert. &#8222;Es war einfach sch\u00f6n zu sehen, wie alle an einem Strang gezogen haben&#8220;, res\u00fcmierten die Lehrerpersonen zufrieden. Ein Musical, das nicht nur das Publikum begeisterte, sondern auch bleibende Erinnerungen und Gemeinschaft hinterlie\u00df.<\/p>\n\n\n\n<figure class=\"wp-block-gallery has-nested-images columns-default is-cropped wp-block-gallery-2 is-layout-flex wp-block-gallery-is-layout-flex\">\n<figure class=\"wp-block-image size-large\"><img loading=\"lazy\" decoding=\"async\" width=\"1024\" height=\"768\" data-id=\"6280\" src=\"https:\/\/psc-hausmannstaetten.at\/ms\/wp-content\/uploads\/sites\/3\/2025\/12\/WhatsApp-Image-2025-05-26-at-17.36.31-1024x768.jpeg\" alt=\"\" class=\"wp-image-6280\" srcset=\"https:\/\/psc-hausmannstaetten.at\/ms\/wp-content\/uploads\/sites\/3\/2025\/12\/WhatsApp-Image-2025-05-26-at-17.36.31-1024x768.jpeg 1024w, https:\/\/psc-hausmannstaetten.at\/ms\/wp-content\/uploads\/sites\/3\/2025\/12\/WhatsApp-Image-2025-05-26-at-17.36.31-300x225.jpeg 300w, https:\/\/psc-hausmannstaetten.at\/ms\/wp-content\/uploads\/sites\/3\/2025\/12\/WhatsApp-Image-2025-05-26-at-17.36.31-768x576.jpeg 768w, https:\/\/psc-hausmannstaetten.at\/ms\/wp-content\/uploads\/sites\/3\/2025\/12\/WhatsApp-Image-2025-05-26-at-17.36.31-1536x1152.jpeg 1536w, https:\/\/psc-hausmannstaetten.at\/ms\/wp-content\/uploads\/sites\/3\/2025\/12\/WhatsApp-Image-2025-05-26-at-17.36.31.jpeg 2048w\" sizes=\"auto, (max-width: 1024px) 100vw, 1024px\" \/><\/figure>\n\n\n\n<figure class=\"wp-block-image size-large\"><img loading=\"lazy\" decoding=\"async\" width=\"1024\" height=\"768\" data-id=\"6281\" src=\"https:\/\/psc-hausmannstaetten.at\/ms\/wp-content\/uploads\/sites\/3\/2025\/12\/WhatsApp-Image-2025-05-26-at-17.37.15-1024x768.jpeg\" alt=\"\" class=\"wp-image-6281\" srcset=\"https:\/\/psc-hausmannstaetten.at\/ms\/wp-content\/uploads\/sites\/3\/2025\/12\/WhatsApp-Image-2025-05-26-at-17.37.15-1024x768.jpeg 1024w, https:\/\/psc-hausmannstaetten.at\/ms\/wp-content\/uploads\/sites\/3\/2025\/12\/WhatsApp-Image-2025-05-26-at-17.37.15-300x225.jpeg 300w, https:\/\/psc-hausmannstaetten.at\/ms\/wp-content\/uploads\/sites\/3\/2025\/12\/WhatsApp-Image-2025-05-26-at-17.37.15-768x576.jpeg 768w, https:\/\/psc-hausmannstaetten.at\/ms\/wp-content\/uploads\/sites\/3\/2025\/12\/WhatsApp-Image-2025-05-26-at-17.37.15-1536x1152.jpeg 1536w, https:\/\/psc-hausmannstaetten.at\/ms\/wp-content\/uploads\/sites\/3\/2025\/12\/WhatsApp-Image-2025-05-26-at-17.37.15.jpeg 2048w\" sizes=\"auto, (max-width: 1024px) 100vw, 1024px\" \/><\/figure>\n\n\n\n<figure class=\"wp-block-image size-large\"><img loading=\"lazy\" decoding=\"async\" width=\"1024\" height=\"462\" data-id=\"6283\" src=\"https:\/\/psc-hausmannstaetten.at\/ms\/wp-content\/uploads\/sites\/3\/2025\/12\/WhatsApp-Image-2025-05-26-at-17.41.02-1024x462.jpeg\" alt=\"\" class=\"wp-image-6283\" srcset=\"https:\/\/psc-hausmannstaetten.at\/ms\/wp-content\/uploads\/sites\/3\/2025\/12\/WhatsApp-Image-2025-05-26-at-17.41.02-1024x462.jpeg 1024w, https:\/\/psc-hausmannstaetten.at\/ms\/wp-content\/uploads\/sites\/3\/2025\/12\/WhatsApp-Image-2025-05-26-at-17.41.02-300x135.jpeg 300w, https:\/\/psc-hausmannstaetten.at\/ms\/wp-content\/uploads\/sites\/3\/2025\/12\/WhatsApp-Image-2025-05-26-at-17.41.02-768x346.jpeg 768w, https:\/\/psc-hausmannstaetten.at\/ms\/wp-content\/uploads\/sites\/3\/2025\/12\/WhatsApp-Image-2025-05-26-at-17.41.02-1536x693.jpeg 1536w, https:\/\/psc-hausmannstaetten.at\/ms\/wp-content\/uploads\/sites\/3\/2025\/12\/WhatsApp-Image-2025-05-26-at-17.41.02-2048x924.jpeg 2048w\" sizes=\"auto, (max-width: 1024px) 100vw, 1024px\" \/><\/figure>\n\n\n\n<figure class=\"wp-block-image size-large\"><img loading=\"lazy\" decoding=\"async\" width=\"1024\" height=\"768\" data-id=\"6279\" src=\"https:\/\/psc-hausmannstaetten.at\/ms\/wp-content\/uploads\/sites\/3\/2025\/12\/WhatsApp-Image-2025-05-26-at-17.42.40-1024x768.jpeg\" alt=\"\" class=\"wp-image-6279\" srcset=\"https:\/\/psc-hausmannstaetten.at\/ms\/wp-content\/uploads\/sites\/3\/2025\/12\/WhatsApp-Image-2025-05-26-at-17.42.40-1024x768.jpeg 1024w, https:\/\/psc-hausmannstaetten.at\/ms\/wp-content\/uploads\/sites\/3\/2025\/12\/WhatsApp-Image-2025-05-26-at-17.42.40-300x225.jpeg 300w, https:\/\/psc-hausmannstaetten.at\/ms\/wp-content\/uploads\/sites\/3\/2025\/12\/WhatsApp-Image-2025-05-26-at-17.42.40-768x576.jpeg 768w, https:\/\/psc-hausmannstaetten.at\/ms\/wp-content\/uploads\/sites\/3\/2025\/12\/WhatsApp-Image-2025-05-26-at-17.42.40-1536x1152.jpeg 1536w, https:\/\/psc-hausmannstaetten.at\/ms\/wp-content\/uploads\/sites\/3\/2025\/12\/WhatsApp-Image-2025-05-26-at-17.42.40.jpeg 1600w\" sizes=\"auto, (max-width: 1024px) 100vw, 1024px\" \/><\/figure>\n\n\n\n<figure class=\"wp-block-image size-large\"><img loading=\"lazy\" decoding=\"async\" width=\"1024\" height=\"768\" data-id=\"6282\" src=\"https:\/\/psc-hausmannstaetten.at\/ms\/wp-content\/uploads\/sites\/3\/2025\/12\/WhatsApp-Image-2025-05-26-at-17.43.46-1024x768.jpeg\" alt=\"\" class=\"wp-image-6282\" srcset=\"https:\/\/psc-hausmannstaetten.at\/ms\/wp-content\/uploads\/sites\/3\/2025\/12\/WhatsApp-Image-2025-05-26-at-17.43.46-1024x768.jpeg 1024w, https:\/\/psc-hausmannstaetten.at\/ms\/wp-content\/uploads\/sites\/3\/2025\/12\/WhatsApp-Image-2025-05-26-at-17.43.46-300x225.jpeg 300w, https:\/\/psc-hausmannstaetten.at\/ms\/wp-content\/uploads\/sites\/3\/2025\/12\/WhatsApp-Image-2025-05-26-at-17.43.46-768x576.jpeg 768w, https:\/\/psc-hausmannstaetten.at\/ms\/wp-content\/uploads\/sites\/3\/2025\/12\/WhatsApp-Image-2025-05-26-at-17.43.46-1536x1152.jpeg 1536w, https:\/\/psc-hausmannstaetten.at\/ms\/wp-content\/uploads\/sites\/3\/2025\/12\/WhatsApp-Image-2025-05-26-at-17.43.46.jpeg 2048w\" sizes=\"auto, (max-width: 1024px) 100vw, 1024px\" \/><\/figure>\n<\/figure>\n<\/div>\n\n\n\n<div class=\"wp-block-column is-layout-flow wp-block-column-is-layout-flow\" style=\"flex-basis:200px\"><\/div>\n<\/div>\n\n\n\n<div style=\"height:29px\" aria-hidden=\"true\" class=\"wp-block-spacer\"><\/div>\n\n\n\n<div style=\"height:100px\" aria-hidden=\"true\" class=\"wp-block-spacer\"><\/div>\n\n\n\n<p class=\"has-medium-font-size\">Weihnachtsmusical 3aME &amp; 4aME | SJ 22 \/ 23<\/p>\n\n\n\n<figure class=\"wp-block-gallery has-nested-images columns-default is-cropped wp-block-gallery-3 is-layout-flex wp-block-gallery-is-layout-flex\">\n<figure class=\"wp-block-image size-large\"><img loading=\"lazy\" decoding=\"async\" width=\"1024\" height=\"683\" data-id=\"3835\" src=\"https:\/\/psc-hausmannstaetten.at\/ms\/wp-content\/uploads\/sites\/3\/2022\/12\/5-min-2-1024x683.jpg\" alt=\"\" class=\"wp-image-3835\" srcset=\"https:\/\/psc-hausmannstaetten.at\/ms\/wp-content\/uploads\/sites\/3\/2022\/12\/5-min-2-1024x683.jpg 1024w, https:\/\/psc-hausmannstaetten.at\/ms\/wp-content\/uploads\/sites\/3\/2022\/12\/5-min-2-300x200.jpg 300w, https:\/\/psc-hausmannstaetten.at\/ms\/wp-content\/uploads\/sites\/3\/2022\/12\/5-min-2-768x512.jpg 768w, https:\/\/psc-hausmannstaetten.at\/ms\/wp-content\/uploads\/sites\/3\/2022\/12\/5-min-2-1536x1024.jpg 1536w, https:\/\/psc-hausmannstaetten.at\/ms\/wp-content\/uploads\/sites\/3\/2022\/12\/5-min-2-2048x1365.jpg 2048w\" sizes=\"auto, (max-width: 1024px) 100vw, 1024px\" \/><\/figure>\n\n\n\n<figure class=\"wp-block-image size-large\"><img loading=\"lazy\" decoding=\"async\" width=\"1024\" height=\"683\" data-id=\"3840\" src=\"https:\/\/psc-hausmannstaetten.at\/ms\/wp-content\/uploads\/sites\/3\/2022\/12\/MG_0013-2-min-1-1024x683.jpg\" alt=\"\" class=\"wp-image-3840\" srcset=\"https:\/\/psc-hausmannstaetten.at\/ms\/wp-content\/uploads\/sites\/3\/2022\/12\/MG_0013-2-min-1-1024x683.jpg 1024w, https:\/\/psc-hausmannstaetten.at\/ms\/wp-content\/uploads\/sites\/3\/2022\/12\/MG_0013-2-min-1-300x200.jpg 300w, https:\/\/psc-hausmannstaetten.at\/ms\/wp-content\/uploads\/sites\/3\/2022\/12\/MG_0013-2-min-1-768x512.jpg 768w, https:\/\/psc-hausmannstaetten.at\/ms\/wp-content\/uploads\/sites\/3\/2022\/12\/MG_0013-2-min-1-1536x1024.jpg 1536w, https:\/\/psc-hausmannstaetten.at\/ms\/wp-content\/uploads\/sites\/3\/2022\/12\/MG_0013-2-min-1-2048x1365.jpg 2048w\" sizes=\"auto, (max-width: 1024px) 100vw, 1024px\" \/><\/figure>\n\n\n\n<figure class=\"wp-block-image size-large\"><img loading=\"lazy\" decoding=\"async\" width=\"1024\" height=\"683\" data-id=\"3842\" src=\"https:\/\/psc-hausmannstaetten.at\/ms\/wp-content\/uploads\/sites\/3\/2022\/12\/MG_0108-min-1024x683.jpg\" alt=\"\" class=\"wp-image-3842\" srcset=\"https:\/\/psc-hausmannstaetten.at\/ms\/wp-content\/uploads\/sites\/3\/2022\/12\/MG_0108-min-1024x683.jpg 1024w, https:\/\/psc-hausmannstaetten.at\/ms\/wp-content\/uploads\/sites\/3\/2022\/12\/MG_0108-min-300x200.jpg 300w, https:\/\/psc-hausmannstaetten.at\/ms\/wp-content\/uploads\/sites\/3\/2022\/12\/MG_0108-min-768x512.jpg 768w, https:\/\/psc-hausmannstaetten.at\/ms\/wp-content\/uploads\/sites\/3\/2022\/12\/MG_0108-min-1536x1024.jpg 1536w, https:\/\/psc-hausmannstaetten.at\/ms\/wp-content\/uploads\/sites\/3\/2022\/12\/MG_0108-min-2048x1365.jpg 2048w\" sizes=\"auto, (max-width: 1024px) 100vw, 1024px\" \/><\/figure>\n\n\n\n<figure class=\"wp-block-image size-large\"><img loading=\"lazy\" decoding=\"async\" width=\"1024\" height=\"683\" data-id=\"3834\" src=\"https:\/\/psc-hausmannstaetten.at\/ms\/wp-content\/uploads\/sites\/3\/2022\/12\/4-1-1024x683.jpg\" alt=\"\" class=\"wp-image-3834\" srcset=\"https:\/\/psc-hausmannstaetten.at\/ms\/wp-content\/uploads\/sites\/3\/2022\/12\/4-1-1024x683.jpg 1024w, https:\/\/psc-hausmannstaetten.at\/ms\/wp-content\/uploads\/sites\/3\/2022\/12\/4-1-300x200.jpg 300w, https:\/\/psc-hausmannstaetten.at\/ms\/wp-content\/uploads\/sites\/3\/2022\/12\/4-1-768x512.jpg 768w, https:\/\/psc-hausmannstaetten.at\/ms\/wp-content\/uploads\/sites\/3\/2022\/12\/4-1-1536x1024.jpg 1536w, https:\/\/psc-hausmannstaetten.at\/ms\/wp-content\/uploads\/sites\/3\/2022\/12\/4-1-2048x1365.jpg 2048w\" sizes=\"auto, (max-width: 1024px) 100vw, 1024px\" \/><\/figure>\n\n\n\n<figure class=\"wp-block-image size-large\"><img loading=\"lazy\" decoding=\"async\" width=\"1024\" height=\"683\" data-id=\"3841\" src=\"https:\/\/psc-hausmannstaetten.at\/ms\/wp-content\/uploads\/sites\/3\/2022\/12\/MG_0093-min-1024x683.jpg\" alt=\"\" class=\"wp-image-3841\" srcset=\"https:\/\/psc-hausmannstaetten.at\/ms\/wp-content\/uploads\/sites\/3\/2022\/12\/MG_0093-min-1024x683.jpg 1024w, https:\/\/psc-hausmannstaetten.at\/ms\/wp-content\/uploads\/sites\/3\/2022\/12\/MG_0093-min-300x200.jpg 300w, https:\/\/psc-hausmannstaetten.at\/ms\/wp-content\/uploads\/sites\/3\/2022\/12\/MG_0093-min-768x512.jpg 768w, https:\/\/psc-hausmannstaetten.at\/ms\/wp-content\/uploads\/sites\/3\/2022\/12\/MG_0093-min-1536x1024.jpg 1536w, https:\/\/psc-hausmannstaetten.at\/ms\/wp-content\/uploads\/sites\/3\/2022\/12\/MG_0093-min-2048x1365.jpg 2048w\" sizes=\"auto, (max-width: 1024px) 100vw, 1024px\" \/><\/figure>\n\n\n\n<figure class=\"wp-block-image size-large\"><img loading=\"lazy\" decoding=\"async\" width=\"1024\" height=\"683\" data-id=\"3839\" src=\"https:\/\/psc-hausmannstaetten.at\/ms\/wp-content\/uploads\/sites\/3\/2022\/12\/MG_0220-min-1-1024x683.jpg\" alt=\"\" class=\"wp-image-3839\" srcset=\"https:\/\/psc-hausmannstaetten.at\/ms\/wp-content\/uploads\/sites\/3\/2022\/12\/MG_0220-min-1-1024x683.jpg 1024w, https:\/\/psc-hausmannstaetten.at\/ms\/wp-content\/uploads\/sites\/3\/2022\/12\/MG_0220-min-1-300x200.jpg 300w, https:\/\/psc-hausmannstaetten.at\/ms\/wp-content\/uploads\/sites\/3\/2022\/12\/MG_0220-min-1-768x512.jpg 768w, https:\/\/psc-hausmannstaetten.at\/ms\/wp-content\/uploads\/sites\/3\/2022\/12\/MG_0220-min-1-1536x1024.jpg 1536w, https:\/\/psc-hausmannstaetten.at\/ms\/wp-content\/uploads\/sites\/3\/2022\/12\/MG_0220-min-1-2048x1365.jpg 2048w\" sizes=\"auto, (max-width: 1024px) 100vw, 1024px\" \/><\/figure>\n\n\n\n<figure class=\"wp-block-image size-large\"><img loading=\"lazy\" decoding=\"async\" width=\"1024\" height=\"683\" data-id=\"3838\" src=\"https:\/\/psc-hausmannstaetten.at\/ms\/wp-content\/uploads\/sites\/3\/2022\/12\/MG_0019-2-min-1-1024x683.jpg\" alt=\"\" class=\"wp-image-3838\" srcset=\"https:\/\/psc-hausmannstaetten.at\/ms\/wp-content\/uploads\/sites\/3\/2022\/12\/MG_0019-2-min-1-1024x683.jpg 1024w, https:\/\/psc-hausmannstaetten.at\/ms\/wp-content\/uploads\/sites\/3\/2022\/12\/MG_0019-2-min-1-300x200.jpg 300w, https:\/\/psc-hausmannstaetten.at\/ms\/wp-content\/uploads\/sites\/3\/2022\/12\/MG_0019-2-min-1-768x512.jpg 768w, https:\/\/psc-hausmannstaetten.at\/ms\/wp-content\/uploads\/sites\/3\/2022\/12\/MG_0019-2-min-1-1536x1024.jpg 1536w, https:\/\/psc-hausmannstaetten.at\/ms\/wp-content\/uploads\/sites\/3\/2022\/12\/MG_0019-2-min-1-2048x1365.jpg 2048w\" sizes=\"auto, (max-width: 1024px) 100vw, 1024px\" \/><\/figure>\n\n\n\n<figure class=\"wp-block-image size-large\"><img loading=\"lazy\" decoding=\"async\" width=\"1024\" height=\"683\" data-id=\"3837\" src=\"https:\/\/psc-hausmannstaetten.at\/ms\/wp-content\/uploads\/sites\/3\/2022\/12\/3-min-2-1024x683.jpg\" alt=\"\" class=\"wp-image-3837\" srcset=\"https:\/\/psc-hausmannstaetten.at\/ms\/wp-content\/uploads\/sites\/3\/2022\/12\/3-min-2-1024x683.jpg 1024w, https:\/\/psc-hausmannstaetten.at\/ms\/wp-content\/uploads\/sites\/3\/2022\/12\/3-min-2-300x200.jpg 300w, https:\/\/psc-hausmannstaetten.at\/ms\/wp-content\/uploads\/sites\/3\/2022\/12\/3-min-2-768x512.jpg 768w, https:\/\/psc-hausmannstaetten.at\/ms\/wp-content\/uploads\/sites\/3\/2022\/12\/3-min-2-1536x1024.jpg 1536w, https:\/\/psc-hausmannstaetten.at\/ms\/wp-content\/uploads\/sites\/3\/2022\/12\/3-min-2-2048x1365.jpg 2048w\" sizes=\"auto, (max-width: 1024px) 100vw, 1024px\" \/><\/figure>\n\n\n\n<figure class=\"wp-block-image size-large\"><img loading=\"lazy\" decoding=\"async\" width=\"1024\" height=\"683\" data-id=\"3836\" src=\"https:\/\/psc-hausmannstaetten.at\/ms\/wp-content\/uploads\/sites\/3\/2022\/12\/2-min-2-1024x683.jpg\" alt=\"\" class=\"wp-image-3836\" srcset=\"https:\/\/psc-hausmannstaetten.at\/ms\/wp-content\/uploads\/sites\/3\/2022\/12\/2-min-2-1024x683.jpg 1024w, https:\/\/psc-hausmannstaetten.at\/ms\/wp-content\/uploads\/sites\/3\/2022\/12\/2-min-2-300x200.jpg 300w, https:\/\/psc-hausmannstaetten.at\/ms\/wp-content\/uploads\/sites\/3\/2022\/12\/2-min-2-768x512.jpg 768w, https:\/\/psc-hausmannstaetten.at\/ms\/wp-content\/uploads\/sites\/3\/2022\/12\/2-min-2-1536x1024.jpg 1536w, https:\/\/psc-hausmannstaetten.at\/ms\/wp-content\/uploads\/sites\/3\/2022\/12\/2-min-2-2048x1365.jpg 2048w\" sizes=\"auto, (max-width: 1024px) 100vw, 1024px\" \/><\/figure>\n\n\n\n<figure class=\"wp-block-image size-large\"><img loading=\"lazy\" decoding=\"async\" width=\"1024\" height=\"683\" data-id=\"3833\" src=\"https:\/\/psc-hausmannstaetten.at\/ms\/wp-content\/uploads\/sites\/3\/2022\/12\/6-min-2-1024x683.jpg\" alt=\"\" class=\"wp-image-3833\" srcset=\"https:\/\/psc-hausmannstaetten.at\/ms\/wp-content\/uploads\/sites\/3\/2022\/12\/6-min-2-1024x683.jpg 1024w, https:\/\/psc-hausmannstaetten.at\/ms\/wp-content\/uploads\/sites\/3\/2022\/12\/6-min-2-300x200.jpg 300w, https:\/\/psc-hausmannstaetten.at\/ms\/wp-content\/uploads\/sites\/3\/2022\/12\/6-min-2-768x512.jpg 768w, https:\/\/psc-hausmannstaetten.at\/ms\/wp-content\/uploads\/sites\/3\/2022\/12\/6-min-2-1536x1024.jpg 1536w, https:\/\/psc-hausmannstaetten.at\/ms\/wp-content\/uploads\/sites\/3\/2022\/12\/6-min-2-2048x1365.jpg 2048w\" sizes=\"auto, (max-width: 1024px) 100vw, 1024px\" \/><\/figure>\n<\/figure>\n","protected":false},"excerpt":{"rendered":"<p>Adventsingen in Fernitz | SJ 25 \/ 26 Unsere Musikklassen organisierten zwei stimmungsvolle Adventkonzerte&nbsp;in den Pfarrkirchen Fernitz und Hausmannst\u00e4tten. Die musikalischen Beitr\u00e4ge sorgten f\u00fcr eine&nbsp;besinnliche Atmosph\u00e4re und lie\u00dfen die Besucherinnen und Besucher den Alltagsstress f\u00fcr&nbsp;eine Weile vergessen. Die bei den Konzerten gesammelten Spenden kamen dem Verein \u201eSuperar\u201c zugute, der Kindern und Jugendlichen kostenlosen Zugang zu [&hellip;]<\/p>\n","protected":false},"author":1,"featured_media":0,"parent":0,"menu_order":0,"comment_status":"closed","ping_status":"closed","template":"page-templates\/full-width-page.php","meta":{"footnotes":""},"class_list":["post-4461","page","type-page","status-publish","hentry"],"_links":{"self":[{"href":"https:\/\/psc-hausmannstaetten.at\/ms\/wp-json\/wp\/v2\/pages\/4461","targetHints":{"allow":["GET"]}}],"collection":[{"href":"https:\/\/psc-hausmannstaetten.at\/ms\/wp-json\/wp\/v2\/pages"}],"about":[{"href":"https:\/\/psc-hausmannstaetten.at\/ms\/wp-json\/wp\/v2\/types\/page"}],"author":[{"embeddable":true,"href":"https:\/\/psc-hausmannstaetten.at\/ms\/wp-json\/wp\/v2\/users\/1"}],"replies":[{"embeddable":true,"href":"https:\/\/psc-hausmannstaetten.at\/ms\/wp-json\/wp\/v2\/comments?post=4461"}],"version-history":[{"count":20,"href":"https:\/\/psc-hausmannstaetten.at\/ms\/wp-json\/wp\/v2\/pages\/4461\/revisions"}],"predecessor-version":[{"id":6630,"href":"https:\/\/psc-hausmannstaetten.at\/ms\/wp-json\/wp\/v2\/pages\/4461\/revisions\/6630"}],"wp:attachment":[{"href":"https:\/\/psc-hausmannstaetten.at\/ms\/wp-json\/wp\/v2\/media?parent=4461"}],"curies":[{"name":"wp","href":"https:\/\/api.w.org\/{rel}","templated":true}]}}