{"id":2107,"date":"2022-03-24T14:12:47","date_gmt":"2022-03-24T13:12:47","guid":{"rendered":"https:\/\/psc-hausmannstaetten.at\/ms\/?page_id=2107"},"modified":"2025-12-12T11:50:29","modified_gmt":"2025-12-12T10:50:29","slug":"wettbewerbe","status":"publish","type":"page","link":"https:\/\/psc-hausmannstaetten.at\/ms\/wettbewerbe\/","title":{"rendered":"Archiv Musikmittelschule"},"content":{"rendered":"<div class=\"style-588 style-local-2107-c1 position-relative\" data-colibri-id=\"2107-c1\">\n<div id=\"custom\" class=\"h-section h-section-global-spacing d-flex align-items-lg-center align-items-md-center align-items-center style-589 style-local-2107-c2 position-relative\" data-colibri-component=\"section\" data-colibri-id=\"2107-c2\"><br \/>\n<div class=\"h-section-grid-container h-section-boxed-container\">\n<div class=\"h-row-container gutters-row-lg-2 gutters-row-md-2 gutters-row-0 gutters-row-v-lg-2 gutters-row-v-md-2 gutters-row-v-2 style-590 style-local-2107-c3 position-relative\" data-colibri-id=\"2107-c3\">\n<div class=\"h-row justify-content-lg-center justify-content-md-center justify-content-center align-items-lg-stretch align-items-md-stretch align-items-stretch gutters-col-lg-2 gutters-col-md-2 gutters-col-0 gutters-col-v-lg-2 gutters-col-v-md-2 gutters-col-v-2\">\n<div class=\"h-column h-column-container d-flex h-col-lg-auto h-col-md-auto h-col-auto style-591-outer style-local-2107-c4-outer\">\n<div class=\"d-flex h-flex-basis h-column__inner h-px-lg-2 h-px-md-2 h-px-2 v-inner-lg-2 v-inner-md-2 v-inner-2 style-591 style-local-2107-c4 position-relative\" data-colibri-id=\"2107-c4\"><br \/>\n<div class=\"w-100 h-y-container h-column__content h-column__v-align flex-basis-100 align-self-lg-start align-self-md-start align-self-start\">\n<div class=\"h-global-transition-all h-heading style-592 style-local-2107-c5 position-relative h-element\" data-colibri-id=\"2107-c5\">\n<div class=\"h-heading__outer style-592 style-local-2107-c5\"><br \/>\n<h2 class=\"\">Rap-Wettbewerb &#8222;Rap!\u00a0<em>Not<\/em> Rape.&#8220;<\/h2>\n<\/div>\n<\/div>\n<\/div>\n<\/div>\n<\/div>\n<\/div>\n<\/div>\n<div class=\"h-row-container gutters-row-lg-2 gutters-row-md-2 gutters-row-0 gutters-row-v-lg-2 gutters-row-v-md-2 gutters-row-v-2 style-593 style-local-2107-c6 position-relative\" data-colibri-id=\"2107-c6\">\n<div class=\"h-row justify-content-lg-center justify-content-md-center justify-content-center align-items-lg-stretch align-items-md-stretch align-items-stretch gutters-col-lg-2 gutters-col-md-2 gutters-col-0 gutters-col-v-lg-2 gutters-col-v-md-2 gutters-col-v-2\">\n<div class=\"h-column h-column-container d-flex h-col-lg-auto h-col-md-auto h-col-auto style-594-outer style-local-2107-c7-outer\">\n<div class=\"d-flex h-flex-basis h-column__inner h-px-lg-2 h-px-md-2 h-px-2 v-inner-lg-2 v-inner-md-2 v-inner-2 style-594 style-local-2107-c7 position-relative\" data-colibri-id=\"2107-c7\"><br \/>\n<div class=\"w-100 h-y-container h-column__content h-column__v-align flex-basis-100 align-self-lg-start align-self-md-start align-self-start\">\n<div class=\"h-text h-text-component style-595 style-local-2107-c8 position-relative h-element\" data-colibri-id=\"2107-c8\"><br \/>\n<div class=\"\">\n<p>Die 2a Klasse hat im Sommersemester 2021 an einem von den Frauenh\u00e4usern Steiermark, der Kronenzeitung und Krone Hit, ausgeschriebenen Rap-Wettbewerb teilgenommen und mit ihrem Beitrag &#8222;Freundschaft&#8220; den Jury- Preis gewonnen.<\/p>\n<p>Neben einer vom K\u00fcnstler Tom Lohner designten Troph\u00e4e haben sie zus\u00e4tzlich ein Klassenzimmerkonzert mit der Musikerin \u201eMarie\u201c gewonnen.<\/p>\n<p>Der Text wurde in Workshops mit den Frauenh\u00e4usern Steiermark und dem Schauspieler\/ Poetry-Slammer Christoph Steiner erarbeitet. Die dazugeh\u00f6rige Musik wurde im Unterricht gemeinsam komponiert und aufgeschrieben bzw. zus\u00e4tzlich auf<br \/>Orff- Instrumenten einstudiert. Ziel war es die ganze Klasse in den Rap-Song miteinzubeziehen. Das ist gelungen und wurde auch von der Jury positiv hervorgehoben.<\/p>\n<p><a class=\"customize-unpreviewable\" href=\"https:\/\/www.krone.at\/2433921\">https:\/\/www.krone.at\/2433921<\/a><\/p>\n<p>Zeitungsartikel Kronen-Zeitung: &#8222;Das wohl wichtigste Zitat des Abends stammt von Florian Gro\u00df, dem Klassenlehrer der 2a aus Hausmannst\u00e4tten: &#8218;Gewinner sind alle, die eingereicht haben!'&#8220;<\/p>\n<\/div>\n<\/div>\n<\/div>\n<\/div>\n<\/div>\n<div class=\"h-column h-column-container d-flex h-col-lg-auto h-col-md-auto h-col-auto style-596-outer style-local-2107-c9-outer\">\n<div class=\"d-flex h-flex-basis h-column__inner h-px-lg-2 h-px-md-2 h-px-2 v-inner-lg-2 v-inner-md-2 v-inner-2 style-596 style-local-2107-c9 position-relative\" data-colibri-id=\"2107-c9\"><br \/>\n<div class=\"w-100 h-y-container h-column__content h-column__v-align flex-basis-100 align-self-lg-start align-self-md-start align-self-start\">\n<div class=\"d-block style-692 style-local-2107-c10 position-relative h-element\" data-colibri-id=\"2107-c10\">\n<div class=\"h-image__frame-container-outer\">\n<div class=\"h-image__frame-container\"><br \/><br \/><img loading=\"lazy\" decoding=\"async\" width=\"893\" height=\"653\" class=\"wp-image-2731 style-692-image style-local-2107-c10-image\" src=\"https:\/\/psc-hausmannstaetten.at\/ms\/wp-content\/uploads\/sites\/3\/2022\/04\/cropped-Rap-Not-Rape-SJ-20-21.jpeg\" alt=\"\" srcset=\"https:\/\/psc-hausmannstaetten.at\/ms\/wp-content\/uploads\/sites\/3\/2022\/04\/cropped-Rap-Not-Rape-SJ-20-21.jpeg 893w, https:\/\/psc-hausmannstaetten.at\/ms\/wp-content\/uploads\/sites\/3\/2022\/04\/cropped-Rap-Not-Rape-SJ-20-21-300x219.jpeg 300w, https:\/\/psc-hausmannstaetten.at\/ms\/wp-content\/uploads\/sites\/3\/2022\/04\/cropped-Rap-Not-Rape-SJ-20-21-768x562.jpeg 768w\" sizes=\"auto, (max-width: 893px) 100vw, 893px\" \/>\n<div class=\"h-image__frame h-hide-lg h-hide-md h-hide-sm style-692-frameImage style-local-2107-c10-frameImage\">\u00a0<\/div>\n<\/div>\n<\/div>\n<\/div>\n<div class=\"d-block style-695 style-local-2107-c11 position-relative h-element\" data-colibri-id=\"2107-c11\">\n<div class=\"h-image__frame-container-outer\">\n<div class=\"h-image__frame-container\"><br \/><br \/><img loading=\"lazy\" decoding=\"async\" width=\"630\" height=\"356\" class=\"wp-image-2732 style-695-image style-local-2107-c11-image\" src=\"https:\/\/psc-hausmannstaetten.at\/ms\/wp-content\/uploads\/sites\/3\/2022\/04\/Rap-Not-Rape_1-SJ-20-21.jpeg\" alt=\"\" srcset=\"https:\/\/psc-hausmannstaetten.at\/ms\/wp-content\/uploads\/sites\/3\/2022\/04\/Rap-Not-Rape_1-SJ-20-21.jpeg 630w, https:\/\/psc-hausmannstaetten.at\/ms\/wp-content\/uploads\/sites\/3\/2022\/04\/Rap-Not-Rape_1-SJ-20-21-300x170.jpeg 300w\" sizes=\"auto, (max-width: 630px) 100vw, 630px\" \/><\/div>\n<div class=\"h-image__frame h-hide-lg h-hide-md h-hide-sm style-695-frameImage style-local-2107-c11-frameImage\">\u00a0<\/div>\n<\/div>\n<\/div>\n<\/div>\n<\/div>\n<\/div>\n<\/div>\n<\/div>\n<\/div>\n<\/div>\n<\/div>\n\n\n<h2 class=\"wp-block-heading has-text-align-center\">Darbietungen aus dem Schuljahr 2021 \/ 22<\/h2>\n\n\n\n<div style=\"height:100px\" aria-hidden=\"true\" class=\"wp-block-spacer\"><\/div>\n\n\n\n<div class=\"wp-block-group is-content-justification-center is-nowrap is-layout-flex wp-container-core-group-is-layout-94bc23d7 wp-block-group-is-layout-flex\">\n<div style=\"height:100px;width:0px\" aria-hidden=\"true\" class=\"wp-block-spacer wp-container-content-6388d5dc\"><\/div>\n\n\n\n<iframe loading=\"lazy\" width=\"560\" height=\"315\" src=\"https:\/\/www.youtube.com\/embed\/83ucQw_7L64?si=vDTd8AO2Qdy-zrNw\" title=\"YouTube video player\" frameborder=\"0\" allow=\"accelerometer; autoplay; clipboard-write; encrypted-media; gyroscope; picture-in-picture; web-share\" allowfullscreen><\/iframe>\n\n\n\n<iframe loading=\"lazy\" width=\"560\" height=\"315\" src=\"https:\/\/www.youtube.com\/embed\/AQGxlSUnwxk?si=4Ydi359Tj3SuKQm0\" title=\"YouTube video player\" frameborder=\"0\" allow=\"accelerometer; autoplay; clipboard-write; encrypted-media; gyroscope; picture-in-picture; web-share\" allowfullscreen><\/iframe>\n\n\n\n<iframe loading=\"lazy\" width=\"560\" height=\"315\" src=\"https:\/\/www.youtube.com\/embed\/TtJRN2FZcyA?si=prdWZ_NKAzTdDLVq\" title=\"YouTube video player\" frameborder=\"0\" allow=\"accelerometer; autoplay; clipboard-write; encrypted-media; gyroscope; picture-in-picture; web-share\" allowfullscreen><\/iframe>\n<\/div>\n\n\n\n<div style=\"height:95px\" aria-hidden=\"true\" class=\"wp-block-spacer\"><\/div>\n\n\n\n<div class=\"wp-block-group is-content-justification-center is-nowrap is-layout-flex wp-container-core-group-is-layout-94bc23d7 wp-block-group-is-layout-flex\">\n<div style=\"height:100px;width:0px\" aria-hidden=\"true\" class=\"wp-block-spacer wp-container-content-6388d5dc\"><\/div>\n\n\n\n<iframe loading=\"lazy\" width=\"560\" height=\"315\" src=\"https:\/\/www.youtube.com\/embed\/83ucQw_7L64?si=vDTd8AO2Qdy-zrNw\" title=\"YouTube video player\" frameborder=\"0\" allow=\"accelerometer; autoplay; clipboard-write; encrypted-media; gyroscope; picture-in-picture; web-share\" allowfullscreen><\/iframe>\n\n\n\n<iframe loading=\"lazy\" width=\"560\" height=\"315\" src=\"https:\/\/www.youtube.com\/embed\/BxkLrtGq3hc?si=bMqHEu7pub0-CRiU\" title=\"YouTube video player\" frameborder=\"0\" allow=\"accelerometer; autoplay; clipboard-write; encrypted-media; gyroscope; picture-in-picture; web-share\" allowfullscreen><\/iframe>\n\n\n\n<iframe loading=\"lazy\" width=\"560\" height=\"315\" src=\"https:\/\/www.youtube.com\/embed\/FyJrL9InR0s?si=wiDBgu4x1CyVg0en\" title=\"YouTube video player\" frameborder=\"0\" allow=\"accelerometer; autoplay; clipboard-write; encrypted-media; gyroscope; picture-in-picture; web-share\" allowfullscreen><\/iframe>\n<\/div>\n","protected":false},"excerpt":{"rendered":"<p>Rap-Wettbewerb &#8222;Rap!\u00a0Not Rape.&#8220; Die 2a Klasse hat im Sommersemester 2021 an einem von den Frauenh\u00e4usern Steiermark, der Kronenzeitung und Krone Hit, ausgeschriebenen Rap-Wettbewerb teilgenommen und mit ihrem Beitrag &#8222;Freundschaft&#8220; den Jury- Preis gewonnen. Neben einer vom K\u00fcnstler Tom Lohner designten Troph\u00e4e haben sie zus\u00e4tzlich ein Klassenzimmerkonzert mit der Musikerin \u201eMarie\u201c gewonnen. Der Text wurde in [&hellip;]<\/p>\n","protected":false},"author":1,"featured_media":0,"parent":0,"menu_order":0,"comment_status":"closed","ping_status":"closed","template":"page-templates\/full-width-page.php","meta":{"footnotes":""},"class_list":["post-2107","page","type-page","status-publish","hentry"],"_links":{"self":[{"href":"https:\/\/psc-hausmannstaetten.at\/ms\/wp-json\/wp\/v2\/pages\/2107","targetHints":{"allow":["GET"]}}],"collection":[{"href":"https:\/\/psc-hausmannstaetten.at\/ms\/wp-json\/wp\/v2\/pages"}],"about":[{"href":"https:\/\/psc-hausmannstaetten.at\/ms\/wp-json\/wp\/v2\/types\/page"}],"author":[{"embeddable":true,"href":"https:\/\/psc-hausmannstaetten.at\/ms\/wp-json\/wp\/v2\/users\/1"}],"replies":[{"embeddable":true,"href":"https:\/\/psc-hausmannstaetten.at\/ms\/wp-json\/wp\/v2\/comments?post=2107"}],"version-history":[{"count":20,"href":"https:\/\/psc-hausmannstaetten.at\/ms\/wp-json\/wp\/v2\/pages\/2107\/revisions"}],"predecessor-version":[{"id":6323,"href":"https:\/\/psc-hausmannstaetten.at\/ms\/wp-json\/wp\/v2\/pages\/2107\/revisions\/6323"}],"wp:attachment":[{"href":"https:\/\/psc-hausmannstaetten.at\/ms\/wp-json\/wp\/v2\/media?parent=2107"}],"curies":[{"name":"wp","href":"https:\/\/api.w.org\/{rel}","templated":true}]}}